{"id":2919,"date":"2022-05-06T17:41:55","date_gmt":"2022-05-06T17:41:55","guid":{"rendered":"https:\/\/likyatravel.com.tr\/%e5%8d%9a%e5%ae%a2\/"},"modified":"2023-01-05T11:42:48","modified_gmt":"2023-01-05T11:42:48","slug":"%e5%8d%9a%e5%ae%a2","status":"publish","type":"page","link":"https:\/\/likyatravel.com.tr\/zh-hans\/%e5%8d%9a%e5%ae%a2\/","title":{"rendered":"\u535a\u5ba2"},"content":{"rendered":"\t\t<div data-elementor-type=\"wp-page\" data-elementor-id=\"2919\" class=\"elementor elementor-2919 elementor-2893\">\n\t\t\t\t\t\t<section class=\"elementor-section elementor-top-section elementor-element elementor-element-e35cebd elementor-section-boxed elementor-section-height-default elementor-section-height-default\" data-id=\"e35cebd\" data-element_type=\"section\" data-e-type=\"section\">\n\t\t\t\t\t\t<div class=\"elementor-container elementor-column-gap-default\">\n\t\t\t\t\t<div class=\"elementor-column elementor-col-100 elementor-top-column elementor-element elementor-element-af4d6ca\" data-id=\"af4d6ca\" data-element_type=\"column\" data-e-type=\"column\">\n\t\t\t<div class=\"elementor-widget-wrap elementor-element-populated\">\n\t\t\t\t\t\t<div class=\"elementor-element elementor-element-e06531f uael-equal__height-yes elementor-widget elementor-widget-uael-posts\" data-id=\"e06531f\" data-element_type=\"widget\" data-e-type=\"widget\" data-settings=\"{&quot;classic_slides_to_show&quot;:3,&quot;classic_slides_to_show_tablet&quot;:2,&quot;classic_slides_to_show_mobile&quot;:1}\" data-widget_type=\"uael-posts.classic\">\n\t\t\t\t<div class=\"elementor-widget-container\">\n\t\t\t\t\t\t\t<div class=\"uael-post__header\">\r\n\t\t\t\t\t<\/div>\r\n\t\t<div class=\"uael-post__body\">\r\n\t\t\t\r\n\t\t\r\n\t\t<div class=\"uael-blog-terms-position-above_content uael-post-image-top uael-post-grid uael-posts\" data-query-type=\"custom\" data-structure=\"normal\" data-layout=\"\" data-page=\"2919\" data-skin=\"classic\" data-filter-default=\"\" data-offset-top=\"30\" >\r\n\r\n\t\t\t\t\t\t\t<div class=\"uael-post-grid__inner uael-post__columns-3 uael-post__columns-tablet-2 uael-post__columns-mobile-1\">\r\n\t\t\t\r\n<div class=\"uael-post-wrapper   yama\u00e7-para\u015f\u00fct\u00fc \u5384\u5415\u4ee3\u5c3c\u5179 \u8d39\u7279\u5e0c\u8036 \">\r\n\t<div class=\"uael-post__bg-wrap\">\r\n\r\n\t\t\t\t\r\n\t\t<div class=\"uael-post__inner-wrap\">\r\n\r\n\t\t\t\t<div class=\"uael-post__thumbnail\">\r\n\t\t\t\r\n\t\t\t<a href=\"https:\/\/likyatravel.com.tr\/zh-hans\/%e8%b4%b9%e7%89%b9%e5%b8%8c%e8%80%b6%e6%bb%91%e7%bf%94%e4%bc%9e%e4%bb%b7%e6%a0%bc\/\" target=\"_self\" title=\"\u8d39\u7279\u5e0c\u8036\u6ed1\u7fd4\u4f1e\u4ef7\u683c\"><img fetchpriority=\"high\" decoding=\"async\" width=\"800\" height=\"600\" src=\"https:\/\/likyatravel.com.tr\/wp-content\/uploads\/2021\/06\/yamac-parasutu-likya-10.jpg\" class=\"attachment-full size-full wp-image-1761\" alt=\"Fethiye Oludeniz Yama\u00e7 para\u015f\u00fct\u00fc fiyat\u0131\" srcset=\"https:\/\/likyatravel.com.tr\/wp-content\/uploads\/2021\/06\/yamac-parasutu-likya-10.jpg 800w, https:\/\/likyatravel.com.tr\/wp-content\/uploads\/2021\/06\/yamac-parasutu-likya-10-300x225.jpg 300w, https:\/\/likyatravel.com.tr\/wp-content\/uploads\/2021\/06\/yamac-parasutu-likya-10-768x576.jpg 768w, https:\/\/likyatravel.com.tr\/wp-content\/uploads\/2021\/06\/yamac-parasutu-likya-10-600x450.jpg 600w\" sizes=\"(max-width: 800px) 100vw, 800px\" \/><\/a>\r\n\t\t\t\t\t<\/div>\r\n\t\t\r\n\t\t\t\r\n\t\t\t<div class=\"uael-post__content-wrap\">\r\n\t\t\t\t\t\t\t<div class=\"uael-post__terms-wrap\"><span class=\"uael-post__terms\"><a href=\"https:\/\/likyatravel.com.tr\/zh-hans\/category\/yamac-parasutu-zh-hans\/\" class=\"uael-listing__terms-link\" id=\"uael-post-term-yamac-parasutu-zh-hans\" aria-labelledby=\"uael-post-term-yamac-parasutu-zh-hans\">yama\u00e7 para\u015f\u00fct\u00fc<\/a><\/span><\/div>\r\n\t\t\t\t\t\t<h3 class=\"uael-post__title\">\r\n\r\n\t\t\r\n\t\t\t\t\t\t<a href=\"https:\/\/likyatravel.com.tr\/zh-hans\/%e8%b4%b9%e7%89%b9%e5%b8%8c%e8%80%b6%e6%bb%91%e7%bf%94%e4%bc%9e%e4%bb%b7%e6%a0%bc\/\" target=\"_self\">\r\n\t\t\t\t\u8d39\u7279\u5e0c\u8036\u6ed1\u7fd4\u4f1e\u4ef7\u683c\t\t\t<\/a>\r\n\r\n\t\t\t\t<\/h3>\r\n\t\t\t\t\t<div class=\"uael-post__meta-data\">\r\n\t\t\t\t\t<span class=\"uael-post__date\">\r\n\t\t\t\t\t\t\t\t\t\t\t\t\t<i aria-hidden=\"true\" class=\"fa fa-calendar\"><\/i>\t\t\t\t\t\t\t\t\t\r\n\t\t\t2022\u5e745\u67086\u65e5\t\t<\/span>\r\n\t\t\t\t<span class=\"uael-post__comments\">\r\n\t\t\t\t\t\t\t\t\t\t\t\t<i aria-hidden=\"true\" class=\"fa fa-comments\"><\/i>\t\t\t\t\t\t\t\t\t\t\u6ca1\u6709\u8bc4\u8bba\t\t<\/span>\r\n\t\t\t\t<\/div>\r\n\t\t\r\n\t\t<div class=\"uael-post__excerpt\">\r\n\t\t\t<p>\u6bcf\u5e74\u66f4\u65b0\u7684\u8d39\u7279\u5e0c\u8036\u6ed1\u7fd4\u4f1e\u4ef7\u683c\u5df2\u786e\u5b9a\u5728 2022 \u5e74 &#8230;<\/p>\n\t\t<\/div>\r\n\r\n\t\t\t\t\t<a class=\"uael-post__read-more elementor-button\" href=\"https:\/\/likyatravel.com.tr\/zh-hans\/%e8%b4%b9%e7%89%b9%e5%b8%8c%e8%80%b6%e6%bb%91%e7%bf%94%e4%bc%9e%e4%bb%b7%e6%a0%bc\/\" target=\"_self\" aria-labelledby=\"uael-post-2901\">\r\n\t\t\t\t\t<span class=\"elementor-button-content-wrapper\">\r\n\t\t\t\t\t\t\t\t\t\t\t\t\t\t<span class=\"elementor-button-icon elementor-align-icon-left\">\r\n\r\n\t\t\t\t\t\t\t\t\t\r\n\t\t\t\t\t\t\t\t<\/span>\r\n\t\t\t\t\t\t\t\t\t\t\t\t\t\r\n\t\t\t\t\t\t<span class=\"elementor-button-text\" id=uael-post-2901>\u9605\u8bfb\u66f4\u591a \u2192<\/span>\r\n\t\t\t\t\t<\/span>\r\n\t\t\t\t<\/a>\r\n\t\t\t\t\t\t<\/div>\r\n\t\t\t\r\n\t\t<\/div>\r\n\t\t\r\n\t<\/div>\r\n\r\n<\/div>\r\n\r\n<div class=\"uael-post-wrapper   \u5384\u5415\u4ee3\u5c3c\u5179 \">\r\n\t<div class=\"uael-post__bg-wrap\">\r\n\r\n\t\t\t\t\r\n\t\t<div class=\"uael-post__inner-wrap\">\r\n\r\n\t\t\t\t<div class=\"uael-post__thumbnail\">\r\n\t\t\t\r\n\t\t\t<a href=\"https:\/\/likyatravel.com.tr\/zh-hans\/%e8%b4%b9%e7%89%b9%e5%b8%8c%e8%80%b6%e7%bc%86%e8%bd%a6%e5%92%8c%e6%96%9c%e5%9d%a1%e5%b8%95%e6%8b%89%e8%8b%8f%e5%9b%be\/\" target=\"_self\" title=\"\u8d39\u7279\u5e0c\u8036\u7f06\u8f66\u548c\u6ed1\u7fd4\u4f1e\"><img decoding=\"async\" width=\"603\" height=\"293\" src=\"https:\/\/likyatravel.com.tr\/wp-content\/uploads\/2021\/11\/fethiye-babadag-teleferik-yamac-parasutu.jpg\" class=\"attachment-full size-full wp-image-2858\" alt=\"\" srcset=\"https:\/\/likyatravel.com.tr\/wp-content\/uploads\/2021\/11\/fethiye-babadag-teleferik-yamac-parasutu.jpg 603w, https:\/\/likyatravel.com.tr\/wp-content\/uploads\/2021\/11\/fethiye-babadag-teleferik-yamac-parasutu-300x146.jpg 300w\" sizes=\"(max-width: 603px) 100vw, 603px\" \/><\/a>\r\n\t\t\t\t\t<\/div>\r\n\t\t\r\n\t\t\t\r\n\t\t\t<div class=\"uael-post__content-wrap\">\r\n\t\t\t\t\t\t\t<div class=\"uael-post__terms-wrap\"><span class=\"uael-post__terms\"><a href=\"https:\/\/likyatravel.com.tr\/zh-hans\/category\/%e5%8e%84%e5%90%95%e4%bb%a3%e5%b0%bc%e5%85%b9\/\" class=\"uael-listing__terms-link\" id=\"uael-post-term-%e5%8e%84%e5%90%95%e4%bb%a3%e5%b0%bc%e5%85%b9\" aria-labelledby=\"uael-post-term-%e5%8e%84%e5%90%95%e4%bb%a3%e5%b0%bc%e5%85%b9\">\u5384\u5415\u4ee3\u5c3c\u5179<\/a><\/span><\/div>\r\n\t\t\t\t\t\t<h3 class=\"uael-post__title\">\r\n\r\n\t\t\r\n\t\t\t\t\t\t<a href=\"https:\/\/likyatravel.com.tr\/zh-hans\/%e8%b4%b9%e7%89%b9%e5%b8%8c%e8%80%b6%e7%bc%86%e8%bd%a6%e5%92%8c%e6%96%9c%e5%9d%a1%e5%b8%95%e6%8b%89%e8%8b%8f%e5%9b%be\/\" target=\"_self\">\r\n\t\t\t\t\u8d39\u7279\u5e0c\u8036\u7f06\u8f66\u548c\u6ed1\u7fd4\u4f1e\t\t\t<\/a>\r\n\r\n\t\t\t\t<\/h3>\r\n\t\t\t\t\t<div class=\"uael-post__meta-data\">\r\n\t\t\t\t\t<span class=\"uael-post__date\">\r\n\t\t\t\t\t\t\t\t\t\t\t\t\t<i aria-hidden=\"true\" class=\"fa fa-calendar\"><\/i>\t\t\t\t\t\t\t\t\t\r\n\t\t\t2021\u5e7412\u670811\u65e5\t\t<\/span>\r\n\t\t\t\t<span class=\"uael-post__comments\">\r\n\t\t\t\t\t\t\t\t\t\t\t\t<i aria-hidden=\"true\" class=\"fa fa-comments\"><\/i>\t\t\t\t\t\t\t\t\t\t\u6ca1\u6709\u8bc4\u8bba\t\t<\/span>\r\n\t\t\t\t<\/div>\r\n\t\t\r\n\t\t<div class=\"uael-post__excerpt\">\r\n\t\t\t<p>\u4e58\u5750\u7f06\u8f66\u6500\u767b Babada\u011f \u5e76\u4f53\u9a8c\u6ed1\u7fd4\u4f1e\u5c06\u662f\u60a8\u5c06 &#8230;<\/p>\n\t\t<\/div>\r\n\r\n\t\t\t\t\t<a class=\"uael-post__read-more elementor-button\" href=\"https:\/\/likyatravel.com.tr\/zh-hans\/%e8%b4%b9%e7%89%b9%e5%b8%8c%e8%80%b6%e7%bc%86%e8%bd%a6%e5%92%8c%e6%96%9c%e5%9d%a1%e5%b8%95%e6%8b%89%e8%8b%8f%e5%9b%be\/\" target=\"_self\" aria-labelledby=\"uael-post-2857\">\r\n\t\t\t\t\t<span class=\"elementor-button-content-wrapper\">\r\n\t\t\t\t\t\t\t\t\t\t\t\t\t\t<span class=\"elementor-button-icon elementor-align-icon-left\">\r\n\r\n\t\t\t\t\t\t\t\t\t\r\n\t\t\t\t\t\t\t\t<\/span>\r\n\t\t\t\t\t\t\t\t\t\t\t\t\t\r\n\t\t\t\t\t\t<span class=\"elementor-button-text\" id=uael-post-2857>\u9605\u8bfb\u66f4\u591a \u2192<\/span>\r\n\t\t\t\t\t<\/span>\r\n\t\t\t\t<\/a>\r\n\t\t\t\t\t\t<\/div>\r\n\t\t\t\r\n\t\t<\/div>\r\n\t\t\r\n\t<\/div>\r\n\r\n<\/div>\r\n\r\n<div class=\"uael-post-wrapper   yama\u00e7-para\u015f\u00fct\u00fc \u5384\u5415\u4ee3\u5c3c\u5179 \u5df4\u5df4\u8fbe \u8d39\u7279\u5e0c\u8036 \">\r\n\t<div class=\"uael-post__bg-wrap\">\r\n\r\n\t\t\t\t\r\n\t\t<div class=\"uael-post__inner-wrap\">\r\n\r\n\t\t\t\t<div class=\"uael-post__thumbnail\">\r\n\t\t\t\r\n\t\t\t<a href=\"https:\/\/likyatravel.com.tr\/zh-hans\/oludeniz-babadag-%e6%bb%91%e7%bf%94%e4%bc%9e\/\" target=\"_self\" title=\"\u5384\u5415\u4ee3\u5c3c\u5179\u00b7\u5df4\u5df4\u8fbe\u683c\u6ed1\u7fd4\u4f1e\"><img decoding=\"async\" width=\"800\" height=\"600\" src=\"https:\/\/likyatravel.com.tr\/wp-content\/uploads\/2021\/06\/yamac-parasutu-likya-4.jpg\" class=\"attachment-full size-full wp-image-1741\" alt=\"Paragliding Oludeniz Price 2023\" srcset=\"https:\/\/likyatravel.com.tr\/wp-content\/uploads\/2021\/06\/yamac-parasutu-likya-4.jpg 800w, https:\/\/likyatravel.com.tr\/wp-content\/uploads\/2021\/06\/yamac-parasutu-likya-4-300x225.jpg 300w, https:\/\/likyatravel.com.tr\/wp-content\/uploads\/2021\/06\/yamac-parasutu-likya-4-768x576.jpg 768w, https:\/\/likyatravel.com.tr\/wp-content\/uploads\/2021\/06\/yamac-parasutu-likya-4-600x450.jpg 600w\" sizes=\"(max-width: 800px) 100vw, 800px\" \/><\/a>\r\n\t\t\t\t\t<\/div>\r\n\t\t\r\n\t\t\t\r\n\t\t\t<div class=\"uael-post__content-wrap\">\r\n\t\t\t\t\t\t\t<div class=\"uael-post__terms-wrap\"><span class=\"uael-post__terms\"><a href=\"https:\/\/likyatravel.com.tr\/zh-hans\/category\/yamac-parasutu-zh-hans\/\" class=\"uael-listing__terms-link\" id=\"uael-post-term-yamac-parasutu-zh-hans\" aria-labelledby=\"uael-post-term-yamac-parasutu-zh-hans\">yama\u00e7 para\u015f\u00fct\u00fc<\/a><\/span><\/div>\r\n\t\t\t\t\t\t<h3 class=\"uael-post__title\">\r\n\r\n\t\t\r\n\t\t\t\t\t\t<a href=\"https:\/\/likyatravel.com.tr\/zh-hans\/oludeniz-babadag-%e6%bb%91%e7%bf%94%e4%bc%9e\/\" target=\"_self\">\r\n\t\t\t\t\u5384\u5415\u4ee3\u5c3c\u5179\u00b7\u5df4\u5df4\u8fbe\u683c\u6ed1\u7fd4\u4f1e\t\t\t<\/a>\r\n\r\n\t\t\t\t<\/h3>\r\n\t\t\t\t\t<div class=\"uael-post__meta-data\">\r\n\t\t\t\t\t<span class=\"uael-post__date\">\r\n\t\t\t\t\t\t\t\t\t\t\t\t\t<i aria-hidden=\"true\" class=\"fa fa-calendar\"><\/i>\t\t\t\t\t\t\t\t\t\r\n\t\t\t2021\u5e746\u670823\u65e5\t\t<\/span>\r\n\t\t\t\t<span class=\"uael-post__comments\">\r\n\t\t\t\t\t\t\t\t\t\t\t\t<i aria-hidden=\"true\" class=\"fa fa-comments\"><\/i>\t\t\t\t\t\t\t\t\t\t\u6ca1\u6709\u8bc4\u8bba\t\t<\/span>\r\n\t\t\t\t<\/div>\r\n\t\t\r\n\t\t<div class=\"uael-post__excerpt\">\r\n\t\t\t<p>\u5384\u5415\u4ee3\u5c3c\u5179\u5df4\u5df4\u8fbe\u683c\u6ed1\u7fd4\u4f1e\u4e2d\u5fc3\u4e0d\u4ec5\u5728\u6211\u56fd\u800c\u4e14\u5728\u4e16\u754c\u4e0a &#8230;<\/p>\n\t\t<\/div>\r\n\r\n\t\t\t\t\t<a class=\"uael-post__read-more elementor-button\" href=\"https:\/\/likyatravel.com.tr\/zh-hans\/oludeniz-babadag-%e6%bb%91%e7%bf%94%e4%bc%9e\/\" target=\"_self\" aria-labelledby=\"uael-post-1964\">\r\n\t\t\t\t\t<span class=\"elementor-button-content-wrapper\">\r\n\t\t\t\t\t\t\t\t\t\t\t\t\t\t<span class=\"elementor-button-icon elementor-align-icon-left\">\r\n\r\n\t\t\t\t\t\t\t\t\t\r\n\t\t\t\t\t\t\t\t<\/span>\r\n\t\t\t\t\t\t\t\t\t\t\t\t\t\r\n\t\t\t\t\t\t<span class=\"elementor-button-text\" id=uael-post-1964>\u9605\u8bfb\u66f4\u591a \u2192<\/span>\r\n\t\t\t\t\t<\/span>\r\n\t\t\t\t<\/a>\r\n\t\t\t\t\t\t<\/div>\r\n\t\t\t\r\n\t\t<\/div>\r\n\t\t\r\n\t<\/div>\r\n\r\n<\/div>\r\n\t\t\t\t<\/div>\r\n\t\t\t\t\t\t\r\n\t\t<\/div>\r\n\r\n\t\t\t\t\t\t<\/div>\r\n\t\t<div class=\"uael-post__footer\">\r\n\t\t\t\t\t<\/div>\r\n\t\t\t\t\t\t<\/div>\n\t\t\t\t<\/div>\n\t\t\t\t\t<\/div>\n\t\t<\/div>\n\t\t\t\t\t<\/div>\n\t\t<\/section>\n\t\t\t\t<\/div>\n\t\t","protected":false},"excerpt":{"rendered":"<p>Babada\u011f \u00d6l\u00fcdeniz Babada\u011f Yama\u00e7 Para\u015f\u00fct\u00fc Kas\u0131m 1, 2022 Y [&hellip;]<\/p>\n","protected":false},"author":2,"featured_media":0,"parent":0,"menu_order":0,"comment_status":"closed","ping_status":"closed","template":"","meta":{"site-sidebar-layout":"no-sidebar","site-content-layout":"page-builder","ast-site-content-layout":"default","site-content-style":"default","site-sidebar-style":"default","ast-global-header-display":"","ast-banner-title-visibility":"","ast-main-header-display":"","ast-hfb-above-header-display":"","ast-hfb-below-header-display":"","ast-hfb-mobile-header-display":"","site-post-title":"disabled","ast-breadcrumbs-content":"","ast-featured-img":"disabled","footer-sml-layout":"","ast-disable-related-posts":"","theme-transparent-header-meta":"","adv-header-id-meta":"","stick-header-meta":"","header-above-stick-meta":"","header-main-stick-meta":"","header-below-stick-meta":"","astra-migrate-meta-layouts":"default","ast-page-background-enabled":"default","ast-page-background-meta":{"desktop":{"background-color":"","background-image":"","background-repeat":"repeat","background-position":"center center","background-size":"auto","background-attachment":"scroll","background-type":"","background-media":"","overlay-type":"","overlay-color":"","overlay-opacity":"","overlay-gradient":""},"tablet":{"background-color":"","background-image":"","background-repeat":"repeat","background-position":"center center","background-size":"auto","background-attachment":"scroll","background-type":"","background-media":"","overlay-type":"","overlay-color":"","overlay-opacity":"","overlay-gradient":""},"mobile":{"background-color":"","background-image":"","background-repeat":"repeat","background-position":"center center","background-size":"auto","background-attachment":"scroll","background-type":"","background-media":"","overlay-type":"","overlay-color":"","overlay-opacity":"","overlay-gradient":""}},"ast-content-background-meta":{"desktop":{"background-color":"var(--ast-global-color-5)","background-image":"","background-repeat":"repeat","background-position":"center center","background-size":"auto","background-attachment":"scroll","background-type":"","background-media":"","overlay-type":"","overlay-color":"","overlay-opacity":"","overlay-gradient":""},"tablet":{"background-color":"var(--ast-global-color-5)","background-image":"","background-repeat":"repeat","background-position":"center center","background-size":"auto","background-attachment":"scroll","background-type":"","background-media":"","overlay-type":"","overlay-color":"","overlay-opacity":"","overlay-gradient":""},"mobile":{"background-color":"var(--ast-global-color-5)","background-image":"","background-repeat":"repeat","background-position":"center center","background-size":"auto","background-attachment":"scroll","background-type":"","background-media":"","overlay-type":"","overlay-color":"","overlay-opacity":"","overlay-gradient":""}},"footnotes":""},"class_list":["post-2919","page","type-page","status-publish","hentry"],"aioseo_notices":[],"_links":{"self":[{"href":"https:\/\/likyatravel.com.tr\/zh-hans\/wp-json\/wp\/v2\/pages\/2919","targetHints":{"allow":["GET"]}}],"collection":[{"href":"https:\/\/likyatravel.com.tr\/zh-hans\/wp-json\/wp\/v2\/pages"}],"about":[{"href":"https:\/\/likyatravel.com.tr\/zh-hans\/wp-json\/wp\/v2\/types\/page"}],"author":[{"embeddable":true,"href":"https:\/\/likyatravel.com.tr\/zh-hans\/wp-json\/wp\/v2\/users\/2"}],"replies":[{"embeddable":true,"href":"https:\/\/likyatravel.com.tr\/zh-hans\/wp-json\/wp\/v2\/comments?post=2919"}],"version-history":[{"count":0,"href":"https:\/\/likyatravel.com.tr\/zh-hans\/wp-json\/wp\/v2\/pages\/2919\/revisions"}],"wp:attachment":[{"href":"https:\/\/likyatravel.com.tr\/zh-hans\/wp-json\/wp\/v2\/media?parent=2919"}],"curies":[{"name":"wp","href":"https:\/\/api.w.org\/{rel}","templated":true}]}}