{"id":2278,"date":"2021-06-26T12:31:57","date_gmt":"2021-06-26T12:31:57","guid":{"rendered":"http:\/\/likyatravel.com.tr\/%e7%a4%be%e4%bc%9a%e7%9a%84\/"},"modified":"2021-06-26T12:57:44","modified_gmt":"2021-06-26T12:57:44","slug":"%e7%a4%be%e4%bc%9a%e7%9a%84","status":"publish","type":"page","link":"https:\/\/likyatravel.com.tr\/zh-hans\/%e7%a4%be%e4%bc%9a%e7%9a%84\/","title":{"rendered":"\u793e\u4ea4\u540d\u5a9b\u548c\u8bc4\u8bba"},"content":{"rendered":"\t\t<div data-elementor-type=\"wp-page\" data-elementor-id=\"2278\" class=\"elementor elementor-2278 elementor-1303\">\n\t\t\t\t\t\t<section class=\"elementor-section elementor-top-section elementor-element elementor-element-f5y5meg elementor-section-content-middle elementor-section-boxed elementor-section-height-default elementor-section-height-default\" data-id=\"f5y5meg\" data-element_type=\"section\" data-e-type=\"section\" data-settings=\"{&quot;background_background&quot;:&quot;classic&quot;}\">\n\t\t\t\t\t\t<div class=\"elementor-container elementor-column-gap-default\">\n\t\t\t\t\t<div class=\"elementor-column elementor-col-100 elementor-top-column elementor-element elementor-element-532eb909\" data-id=\"532eb909\" data-element_type=\"column\" data-e-type=\"column\">\n\t\t\t<div class=\"elementor-widget-wrap elementor-element-populated\">\n\t\t\t\t\t\t<section class=\"elementor-section elementor-inner-section elementor-element elementor-element-49806a8a elementor-section-full_width elementor-section-height-default elementor-section-height-default\" data-id=\"49806a8a\" data-element_type=\"section\" data-e-type=\"section\">\n\t\t\t\t\t\t<div class=\"elementor-container elementor-column-gap-default\">\n\t\t\t\t\t<div class=\"elementor-column elementor-col-100 elementor-inner-column elementor-element elementor-element-edbcb56\" data-id=\"edbcb56\" data-element_type=\"column\" data-e-type=\"column\">\n\t\t\t<div class=\"elementor-widget-wrap elementor-element-populated\">\n\t\t\t\t\t\t<div class=\"elementor-element elementor-element-36b43d4e elementor-widget elementor-widget-heading\" data-id=\"36b43d4e\" data-element_type=\"widget\" data-e-type=\"widget\" data-widget_type=\"heading.default\">\n\t\t\t\t<div class=\"elementor-widget-container\">\n\t\t\t\t\t<h2 class=\"elementor-heading-title elementor-size-default\">\u98de\u884c\u6109\u5feb\u5417\uff1f<\/h2>\t\t\t\t<\/div>\n\t\t\t\t<\/div>\n\t\t\t\t<div class=\"elementor-element elementor-element-f6943a6 elementor-widget-divider--view-line elementor-widget elementor-widget-divider\" data-id=\"f6943a6\" data-element_type=\"widget\" data-e-type=\"widget\" data-widget_type=\"divider.default\">\n\t\t\t\t<div class=\"elementor-widget-container\">\n\t\t\t\t\t\t\t<div class=\"elementor-divider\">\n\t\t\t<span class=\"elementor-divider-separator\">\n\t\t\t\t\t\t<\/span>\n\t\t<\/div>\n\t\t\t\t\t\t<\/div>\n\t\t\t\t<\/div>\n\t\t\t\t<div class=\"elementor-element elementor-element-6b8f481 elementor-widget elementor-widget-button\" data-id=\"6b8f481\" data-element_type=\"widget\" data-e-type=\"widget\" data-widget_type=\"button.default\">\n\t\t\t\t<div class=\"elementor-widget-container\">\n\t\t\t\t\t\t\t\t\t<div class=\"elementor-button-wrapper\">\n\t\t\t\t\t<a class=\"elementor-button elementor-button-link elementor-size-sm\" href=\"\/zh-hans\">\n\t\t\t\t\t\t<span class=\"elementor-button-content-wrapper\">\n\t\t\t\t\t\t<span class=\"elementor-button-icon\">\n\t\t\t\t<i aria-hidden=\"true\" class=\"fas fa-home\"><\/i>\t\t\t<\/span>\n\t\t\t\t\t\t\t\t\t<span class=\"elementor-button-text\">\u4e3b\u9875<\/span>\n\t\t\t\t\t<\/span>\n\t\t\t\t\t<\/a>\n\t\t\t\t<\/div>\n\t\t\t\t\t\t\t\t<\/div>\n\t\t\t\t<\/div>\n\t\t\t\t<div class=\"elementor-element elementor-element-0267f53 elementor-widget elementor-widget-wpml-language-switcher\" data-id=\"0267f53\" data-element_type=\"widget\" data-e-type=\"widget\" data-widget_type=\"wpml-language-switcher.default\">\n\t\t\t\t<div class=\"elementor-widget-container\">\n\t\t\t\t\t<div class=\"wpml-elementor-ls\">\n<div role=\"navigation\" aria-label=\"\u8bed\u8a00\u5207\u6362\u5668\" class=\"wpml-ls-statics-shortcode_actions wpml-ls wpml-ls-legacy-list-horizontal\">\n\t<ul><li class=\"wpml-ls-slot-shortcode_actions wpml-ls-item wpml-ls-item-tr wpml-ls-first-item wpml-ls-item-legacy-list-horizontal\">\n\t\t\t\t<a href=\"https:\/\/likyatravel.com.tr\/tr\/\" hreflang=\"tr\" lang=\"tr\" class=\"wpml-ls-link\" aria-label=\"\u5207\u6362\u5230 \u571f\u8033\u5176\u8bed\" title=\"\u5207\u6362\u5230 \u571f\u8033\u5176\u8bed\">\n\t\t\t\t\t                                    <img decoding=\"async\"\n            class=\"wpml-ls-flag\"\n            src=\"https:\/\/likyatravel.com.tr\/wp-content\/plugins\/sitepress-multilingual-cms\/res\/flags\/tr.png\"\n            alt=\"\"\n            loading=\"lazy\"\n            width=18\n            height=12\n    \/><span class=\"wpml-ls-display\">\u571f\u8033\u5176\u8bed<\/span><\/a>\n\t\t\t<\/li><li class=\"wpml-ls-slot-shortcode_actions wpml-ls-item wpml-ls-item-en wpml-ls-item-legacy-list-horizontal\">\n\t\t\t\t<a href=\"https:\/\/likyatravel.com.tr\/\" hreflang=\"en\" lang=\"en\" class=\"wpml-ls-link\" aria-label=\"\u5207\u6362\u5230 \u82f1\u8bed\" title=\"\u5207\u6362\u5230 \u82f1\u8bed\">\n\t\t\t\t\t                                    <img decoding=\"async\"\n            class=\"wpml-ls-flag\"\n            src=\"https:\/\/likyatravel.com.tr\/wp-content\/plugins\/sitepress-multilingual-cms\/res\/flags\/en.png\"\n            alt=\"\"\n            loading=\"lazy\"\n            width=18\n            height=12\n    \/><span class=\"wpml-ls-display\">\u82f1\u8bed<\/span><\/a>\n\t\t\t<\/li><li class=\"wpml-ls-slot-shortcode_actions wpml-ls-item wpml-ls-item-ru wpml-ls-item-legacy-list-horizontal\">\n\t\t\t\t<a href=\"https:\/\/likyatravel.com.tr\/ru\/\" hreflang=\"ru\" lang=\"ru\" class=\"wpml-ls-link\" aria-label=\"\u5207\u6362\u5230 \u4fc4\u8bed\" title=\"\u5207\u6362\u5230 \u4fc4\u8bed\">\n\t\t\t\t\t                                    <img decoding=\"async\"\n            class=\"wpml-ls-flag\"\n            src=\"https:\/\/likyatravel.com.tr\/wp-content\/plugins\/sitepress-multilingual-cms\/res\/flags\/ru.png\"\n            alt=\"\"\n            loading=\"lazy\"\n            width=18\n            height=12\n    \/><span class=\"wpml-ls-display\">\u4fc4\u8bed<\/span><\/a>\n\t\t\t<\/li><li class=\"wpml-ls-slot-shortcode_actions wpml-ls-item wpml-ls-item-ar wpml-ls-item-legacy-list-horizontal\">\n\t\t\t\t<a href=\"https:\/\/likyatravel.com.tr\/ar\/\" hreflang=\"ar\" lang=\"ar\" class=\"wpml-ls-link\" aria-label=\"\u5207\u6362\u5230 \u963f\u62c9\u4f2f\u8bed\" title=\"\u5207\u6362\u5230 \u963f\u62c9\u4f2f\u8bed\">\n\t\t\t\t\t                                    <img decoding=\"async\"\n            class=\"wpml-ls-flag\"\n            src=\"https:\/\/likyatravel.com.tr\/wp-content\/plugins\/sitepress-multilingual-cms\/res\/flags\/ar.png\"\n            alt=\"\"\n            loading=\"lazy\"\n            width=18\n            height=12\n    \/><span class=\"wpml-ls-display\">\u963f\u62c9\u4f2f\u8bed<\/span><\/a>\n\t\t\t<\/li><li class=\"wpml-ls-slot-shortcode_actions wpml-ls-item wpml-ls-item-zh-hans wpml-ls-current-language wpml-ls-last-item wpml-ls-item-legacy-list-horizontal\">\n\t\t\t\t<a href=\"https:\/\/likyatravel.com.tr\/zh-hans\/\" hreflang=\"zh-hans\" lang=\"zh-hans\" class=\"wpml-ls-link\" aria-current=\"page\" aria-label=\"\u5207\u6362\u5230 \u7b80\u4f53\u4e2d\u6587\" title=\"\u5207\u6362\u5230 \u7b80\u4f53\u4e2d\u6587\">\n\t\t\t\t\t                                    <img decoding=\"async\"\n            class=\"wpml-ls-flag\"\n            src=\"https:\/\/likyatravel.com.tr\/wp-content\/plugins\/sitepress-multilingual-cms\/res\/flags\/zh.png\"\n            alt=\"\"\n            loading=\"lazy\"\n            width=18\n            height=12\n    \/><span class=\"wpml-ls-native\">\u7b80\u4f53\u4e2d\u6587<\/span><\/a>\n\t\t\t<\/li><\/ul>\n<\/div>\n<\/div>\t\t\t\t<\/div>\n\t\t\t\t<\/div>\n\t\t\t\t<div class=\"elementor-element elementor-element-38e34a2 elementor-widget elementor-widget-spacer\" data-id=\"38e34a2\" data-element_type=\"widget\" data-e-type=\"widget\" data-widget_type=\"spacer.default\">\n\t\t\t\t<div class=\"elementor-widget-container\">\n\t\t\t\t\t\t\t<div class=\"elementor-spacer\">\n\t\t\t<div class=\"elementor-spacer-inner\"><\/div>\n\t\t<\/div>\n\t\t\t\t\t\t<\/div>\n\t\t\t\t<\/div>\n\t\t\t\t\t<\/div>\n\t\t<\/div>\n\t\t\t\t\t<\/div>\n\t\t<\/section>\n\t\t\t\t<section class=\"elementor-section elementor-inner-section elementor-element elementor-element-58925fed elementor-section-boxed elementor-section-height-default elementor-section-height-default\" data-id=\"58925fed\" data-element_type=\"section\" data-e-type=\"section\" data-settings=\"{&quot;background_background&quot;:&quot;classic&quot;}\">\n\t\t\t\t\t\t\t<div class=\"elementor-background-overlay\"><\/div>\n\t\t\t\t\t\t\t<div class=\"elementor-container elementor-column-gap-default\">\n\t\t\t\t\t<div class=\"elementor-column elementor-col-50 elementor-inner-column elementor-element elementor-element-7d4bbf6\" data-id=\"7d4bbf6\" data-element_type=\"column\" data-e-type=\"column\">\n\t\t\t<div class=\"elementor-widget-wrap elementor-element-populated\">\n\t\t\t\t\t\t<div class=\"elementor-element elementor-element-9e6f260 elementor-widget elementor-widget-heading\" data-id=\"9e6f260\" data-element_type=\"widget\" data-e-type=\"widget\" data-widget_type=\"heading.default\">\n\t\t\t\t<div class=\"elementor-widget-container\">\n\t\t\t\t\t<h4 class=\"elementor-heading-title elementor-size-default\">Likya Travel \u63d0\u4f9b\uff1a<\/h4>\t\t\t\t<\/div>\n\t\t\t\t<\/div>\n\t\t\t\t<div class=\"elementor-element elementor-element-04d8152 elementor-widget elementor-widget-heading\" data-id=\"04d8152\" data-element_type=\"widget\" data-e-type=\"widget\" data-widget_type=\"heading.default\">\n\t\t\t\t<div class=\"elementor-widget-container\">\n\t\t\t\t\t<h2 class=\"elementor-heading-title elementor-size-default\">\u6ed1\u7fd4\u4f1e<\/h2>\t\t\t\t<\/div>\n\t\t\t\t<\/div>\n\t\t\t\t<div class=\"elementor-element elementor-element-5194999 elementor-widget elementor-widget-text-editor\" data-id=\"5194999\" data-element_type=\"widget\" data-e-type=\"widget\" data-widget_type=\"text-editor.default\">\n\t\t\t\t<div class=\"elementor-widget-container\">\n\t\t\t\t\t\t\t\t\t<p>\u611f\u8c22\u60a8\u52c7\u6562\u5730\u8e0f\u5165\u6211\u4eec\u7684\u4e16\u754c\u3002 \u5982\u679c\u60a8\u5728\u8fd9\u4e2a\u7279\u6b8a\u9875\u9762\u4e0a\u4e0e\u6211\u4eec\u4e92\u52a8\uff0c\u6211\u4eec\u5c06\u975e\u5e38\u9ad8\u5174\u3002 \u60a8\u53ef\u4ee5\u5728\u4e0d\u540c\u7684\u73af\u5883\u4e2d\u8bc4\u8bba\u548c\u5206\u4eab\u7167\u7247\u3002 \u901a\u8fc7\u52a0\u5165\u6211\u4eec\u7684\u65f6\u4e8b\u901a\u8baf\uff0c\u60a8\u5c06\u80fd\u591f\u6536\u5230\u6211\u4eec\u7684\u6d88\u606f\u5e76\u83b7\u5f97\u6211\u4eec\u7684\u6298\u6263\u5238\u3002<\/p>\n\t\t\t\t\t\t\t\t<\/div>\n\t\t\t\t<\/div>\n\t\t\t\t<div class=\"elementor-element elementor-element-035f777 elementor-widget elementor-widget-heading\" data-id=\"035f777\" data-element_type=\"widget\" data-e-type=\"widget\" data-widget_type=\"heading.default\">\n\t\t\t\t<div class=\"elementor-widget-container\">\n\t\t\t\t\t<h6 class=\"elementor-heading-title elementor-size-default\">\u60a8\u5e0c\u671b\u901a\u8fc7\u4f55\u79cd\u65b9\u5f0f\u83b7\u77e5\u6298\u6263\u4fe1\u606f\uff1f<\/h6>\t\t\t\t<\/div>\n\t\t\t\t<\/div>\n\t\t\t\t<div class=\"elementor-element elementor-element-9a76257 elementor-align-left elementor-tablet-align-left elementor-mobile-align-left elementor-widget elementor-widget-button\" data-id=\"9a76257\" data-element_type=\"widget\" data-e-type=\"widget\" data-widget_type=\"button.default\">\n\t\t\t\t<div class=\"elementor-widget-container\">\n\t\t\t\t\t\t\t\t\t<div class=\"elementor-button-wrapper\">\n\t\t\t\t\t<a class=\"elementor-button elementor-button-link elementor-size-sm\" href=\"#\">\n\t\t\t\t\t\t<span class=\"elementor-button-content-wrapper\">\n\t\t\t\t\t\t\t\t\t<span class=\"elementor-button-text\">\u7535\u5b50\u901a\u8baf\u6ce8\u518c<\/span>\n\t\t\t\t\t<\/span>\n\t\t\t\t\t<\/a>\n\t\t\t\t<\/div>\n\t\t\t\t\t\t\t\t<\/div>\n\t\t\t\t<\/div>\n\t\t\t\t\t<\/div>\n\t\t<\/div>\n\t\t\t\t<div class=\"elementor-column elementor-col-50 elementor-inner-column elementor-element elementor-element-e16e142\" data-id=\"e16e142\" data-element_type=\"column\" data-e-type=\"column\">\n\t\t\t<div class=\"elementor-widget-wrap\">\n\t\t\t\t\t\t\t<\/div>\n\t\t<\/div>\n\t\t\t\t\t<\/div>\n\t\t<\/section>\n\t\t\t\t<section class=\"elementor-section elementor-inner-section elementor-element elementor-element-64a5d7df elementor-section-boxed elementor-section-height-default elementor-section-height-default\" data-id=\"64a5d7df\" data-element_type=\"section\" data-e-type=\"section\">\n\t\t\t\t\t\t<div class=\"elementor-container elementor-column-gap-default\">\n\t\t\t\t\t<div class=\"elementor-column elementor-col-25 elementor-inner-column elementor-element elementor-element-22533a71\" data-id=\"22533a71\" data-element_type=\"column\" data-e-type=\"column\">\n\t\t\t<div class=\"elementor-widget-wrap elementor-element-populated\">\n\t\t\t\t\t\t<div class=\"elementor-element elementor-element-6273c42b elementor-position-top elementor-widget elementor-widget-image-box\" data-id=\"6273c42b\" data-element_type=\"widget\" data-e-type=\"widget\" data-widget_type=\"image-box.default\">\n\t\t\t\t<div class=\"elementor-widget-container\">\n\t\t\t\t\t<div class=\"elementor-image-box-wrapper\"><figure class=\"elementor-image-box-img\"><a href=\"https:\/\/www.google.com.tr\/search?q=likya+travel&#038;sxsrf=ALeKk01XJiT50Jkk-5EcCe7TBLxt11ft7g%3A1624708086459&#038;source=hp&#038;ei=9hPXYK76GYKX1fAP3r-Y4AQ&#038;iflsig=AINFCbYAAAAAYNciBs7PSsF3id7yB96Bj2Z8vT5C8oUk&#038;oq=likya+travel&#038;gs_lcp=Cgdnd3Mtd2l6EAMyCwguEMcBEK8BEJMCMgYIABAWEB4yBggAEBYQHjIGCAAQFhAeMgYIABAWEB46DgguELEDEMcBEKMCEJMCOgUIABCxAzoCCC46CAgAELEDEIMBOgIIADoFCC4QsQM6BQguEJMCOgsILhCxAxDHARCvAToOCC4QsQMQxwEQrwEQkwI6DgguELEDEIMBEMcBEK8BOggILhDHARCvAToICAAQFhAKEB5QpwVY8Btg3B5oAHAAeACAAbwBiAGBD5IBBDAuMTKYAQCgAQGqAQdnd3Mtd2l6&#038;sclient=gws-wiz&#038;ved=0ahUKEwiuzeuinbXxAhWCSxUIHd4fBkwQ4dUDCAc&#038;uact=5#lrd=0x14c047280d422f8b:0xc24cdd30e1683743,3,,,\" target=\"_blank\" tabindex=\"-1\"><img decoding=\"async\" width=\"150\" height=\"150\" src=\"https:\/\/likyatravel.com.tr\/wp-content\/uploads\/2021\/06\/logo-google-google-search-1991840-150x150.png\" class=\"attachment-thumbnail size-thumbnail wp-image-1479\" alt=\"\" srcset=\"https:\/\/likyatravel.com.tr\/wp-content\/uploads\/2021\/06\/logo-google-google-search-1991840-150x150.png 150w, https:\/\/likyatravel.com.tr\/wp-content\/uploads\/2021\/06\/logo-google-google-search-1991840-300x300.png 300w, https:\/\/likyatravel.com.tr\/wp-content\/uploads\/2021\/06\/logo-google-google-search-1991840-1024x1024.png 1024w, https:\/\/likyatravel.com.tr\/wp-content\/uploads\/2021\/06\/logo-google-google-search-1991840-768x768.png 768w, https:\/\/likyatravel.com.tr\/wp-content\/uploads\/2021\/06\/logo-google-google-search-1991840-600x600.png 600w, https:\/\/likyatravel.com.tr\/wp-content\/uploads\/2021\/06\/logo-google-google-search-1991840-100x100.png 100w, https:\/\/likyatravel.com.tr\/wp-content\/uploads\/2021\/06\/logo-google-google-search-1991840.png 1280w\" sizes=\"(max-width: 150px) 100vw, 150px\" \/><\/a><\/figure><div class=\"elementor-image-box-content\"><h5 class=\"elementor-image-box-title\"><a href=\"https:\/\/www.google.com.tr\/search?q=likya+travel&#038;sxsrf=ALeKk01XJiT50Jkk-5EcCe7TBLxt11ft7g%3A1624708086459&#038;source=hp&#038;ei=9hPXYK76GYKX1fAP3r-Y4AQ&#038;iflsig=AINFCbYAAAAAYNciBs7PSsF3id7yB96Bj2Z8vT5C8oUk&#038;oq=likya+travel&#038;gs_lcp=Cgdnd3Mtd2l6EAMyCwguEMcBEK8BEJMCMgYIABAWEB4yBggAEBYQHjIGCAAQFhAeMgYIABAWEB46DgguELEDEMcBEKMCEJMCOgUIABCxAzoCCC46CAgAELEDEIMBOgIIADoFCC4QsQM6BQguEJMCOgsILhCxAxDHARCvAToOCC4QsQMQxwEQrwEQkwI6DgguELEDEIMBEMcBEK8BOggILhDHARCvAToICAAQFhAKEB5QpwVY8Btg3B5oAHAAeACAAbwBiAGBD5IBBDAuMTKYAQCgAQGqAQdnd3Mtd2l6&#038;sclient=gws-wiz&#038;ved=0ahUKEwiuzeuinbXxAhWCSxUIHd4fBkwQ4dUDCAc&#038;uact=5#lrd=0x14c047280d422f8b:0xc24cdd30e1683743,3,,,\" target=\"_blank\">\u62a4\u76ee\u955c\u8bc4\u8bba<\/a><\/h5><p class=\"elementor-image-box-description\">\u544a\u8bc9\u6211\u4eec\u6709\u5173 Google \u8bc4\u8bba\u7684\u4fe1\u606f\u3002 \u5728\u826f\u597d\u7684\u670d\u52a1\u540e\u6cbb\u6108\u6211\u4eec\u75b2\u52b3\u7684\u6700\u597d\u65b9\u6cd5\u3002 \u8c22\u8c22\u3002<\/p><\/div><\/div>\t\t\t\t<\/div>\n\t\t\t\t<\/div>\n\t\t\t\t\t<\/div>\n\t\t<\/div>\n\t\t\t\t<div class=\"elementor-column elementor-col-25 elementor-inner-column elementor-element elementor-element-7f174809\" data-id=\"7f174809\" data-element_type=\"column\" data-e-type=\"column\">\n\t\t\t<div class=\"elementor-widget-wrap elementor-element-populated\">\n\t\t\t\t\t\t<div class=\"elementor-element elementor-element-33d5fff3 elementor-position-top elementor-widget elementor-widget-image-box\" data-id=\"33d5fff3\" data-element_type=\"widget\" data-e-type=\"widget\" data-widget_type=\"image-box.default\">\n\t\t\t\t<div class=\"elementor-widget-container\">\n\t\t\t\t\t<div class=\"elementor-image-box-wrapper\"><figure class=\"elementor-image-box-img\"><a href=\"https:\/\/www.tripadvisor.com.tr\/Attraction_Review-g609057-d20123206-Reviews-Likya_Travel-Ovacik_Oludeniz_Mugla_Province_Turkish_Aegean_Coast.html\" target=\"_blank\" tabindex=\"-1\"><img decoding=\"async\" width=\"150\" height=\"150\" src=\"https:\/\/likyatravel.com.tr\/wp-content\/uploads\/2021\/06\/trip-2-150x150.png\" class=\"attachment-thumbnail size-thumbnail wp-image-1507\" alt=\"\" srcset=\"https:\/\/likyatravel.com.tr\/wp-content\/uploads\/2021\/06\/trip-2-150x150.png 150w, https:\/\/likyatravel.com.tr\/wp-content\/uploads\/2021\/06\/trip-2-300x300.png 300w, https:\/\/likyatravel.com.tr\/wp-content\/uploads\/2021\/06\/trip-2-100x100.png 100w, https:\/\/likyatravel.com.tr\/wp-content\/uploads\/2021\/06\/trip-2.png 512w\" sizes=\"(max-width: 150px) 100vw, 150px\" \/><\/a><\/figure><div class=\"elementor-image-box-content\"><h5 class=\"elementor-image-box-title\"><a href=\"https:\/\/www.tripadvisor.com.tr\/Attraction_Review-g609057-d20123206-Reviews-Likya_Travel-Ovacik_Oludeniz_Mugla_Province_Turkish_Aegean_Coast.html\" target=\"_blank\">\u5230\u5230\u7f51<\/a><\/h5><p class=\"elementor-image-box-description\">\u5411\u5168\u4e16\u754c\u558a\u51fa\u4f60\u6b63\u5728\u6ed1\u7fd4\u4f1e\u3002 \u9884\u5148\u611f\u8c22\u60a8\u7684\u79ef\u6781\u8bc4\u8bba\u3002<\/p><\/div><\/div>\t\t\t\t<\/div>\n\t\t\t\t<\/div>\n\t\t\t\t\t<\/div>\n\t\t<\/div>\n\t\t\t\t<div class=\"elementor-column elementor-col-25 elementor-inner-column elementor-element elementor-element-15f8e79d\" data-id=\"15f8e79d\" data-element_type=\"column\" data-e-type=\"column\">\n\t\t\t<div class=\"elementor-widget-wrap elementor-element-populated\">\n\t\t\t\t\t\t<div class=\"elementor-element elementor-element-6f13cd14 elementor-position-top elementor-widget elementor-widget-image-box\" data-id=\"6f13cd14\" data-element_type=\"widget\" data-e-type=\"widget\" data-widget_type=\"image-box.default\">\n\t\t\t\t<div class=\"elementor-widget-container\">\n\t\t\t\t\t<div class=\"elementor-image-box-wrapper\"><figure class=\"elementor-image-box-img\"><a href=\"https:\/\/www.instagram.com\/likyatravel\/\" target=\"_blank\" tabindex=\"-1\"><img decoding=\"async\" width=\"150\" height=\"150\" src=\"https:\/\/likyatravel.com.tr\/wp-content\/uploads\/2021\/06\/instagram-symbol-logo-1581266-150x150.jpg\" class=\"attachment-thumbnail size-thumbnail wp-image-2242\" alt=\"\" srcset=\"https:\/\/likyatravel.com.tr\/wp-content\/uploads\/2021\/06\/instagram-symbol-logo-1581266-150x150.jpg 150w, https:\/\/likyatravel.com.tr\/wp-content\/uploads\/2021\/06\/instagram-symbol-logo-1581266-300x300.jpg 300w, https:\/\/likyatravel.com.tr\/wp-content\/uploads\/2021\/06\/instagram-symbol-logo-1581266-1024x1016.jpg 1024w, https:\/\/likyatravel.com.tr\/wp-content\/uploads\/2021\/06\/instagram-symbol-logo-1581266-768x762.jpg 768w, https:\/\/likyatravel.com.tr\/wp-content\/uploads\/2021\/06\/instagram-symbol-logo-1581266-600x595.jpg 600w, https:\/\/likyatravel.com.tr\/wp-content\/uploads\/2021\/06\/instagram-symbol-logo-1581266-100x100.jpg 100w, https:\/\/likyatravel.com.tr\/wp-content\/uploads\/2021\/06\/instagram-symbol-logo-1581266.jpg 1280w\" sizes=\"(max-width: 150px) 100vw, 150px\" \/><\/a><\/figure><div class=\"elementor-image-box-content\"><h5 class=\"elementor-image-box-title\"><a href=\"https:\/\/www.instagram.com\/likyatravel\/\" target=\"_blank\">Instagram<\/a><\/h5><p class=\"elementor-image-box-description\">\u5728 Instagram \u4e0a\u5f20\u8d34\u51e0\u5f20\u6f02\u4eae\u7684\u7167\u7247\u4e0d\u4f1a\u6709\u4ec0\u4e48\u574f\u5904\u3002 \u751a\u81f3\u503c\u5f97\u8d62\u5f97\u4e00\u4efd\u793c\u7269\u3002<\/p><\/div><\/div>\t\t\t\t<\/div>\n\t\t\t\t<\/div>\n\t\t\t\t\t<\/div>\n\t\t<\/div>\n\t\t\t\t<div class=\"elementor-column elementor-col-25 elementor-inner-column elementor-element elementor-element-64309c0a\" data-id=\"64309c0a\" data-element_type=\"column\" data-e-type=\"column\">\n\t\t\t<div class=\"elementor-widget-wrap elementor-element-populated\">\n\t\t\t\t\t\t<div class=\"elementor-element elementor-element-2627ef51 elementor-position-top elementor-widget elementor-widget-image-box\" data-id=\"2627ef51\" data-element_type=\"widget\" data-e-type=\"widget\" data-widget_type=\"image-box.default\">\n\t\t\t\t<div class=\"elementor-widget-container\">\n\t\t\t\t\t<div class=\"elementor-image-box-wrapper\"><figure class=\"elementor-image-box-img\"><img loading=\"lazy\" decoding=\"async\" width=\"150\" height=\"150\" src=\"https:\/\/likyatravel.com.tr\/wp-content\/uploads\/2021\/06\/youtube-logo-graphic-1837872-150x150.png\" class=\"attachment-thumbnail size-thumbnail wp-image-2233\" alt=\"\" srcset=\"https:\/\/likyatravel.com.tr\/wp-content\/uploads\/2021\/06\/youtube-logo-graphic-1837872-150x150.png 150w, https:\/\/likyatravel.com.tr\/wp-content\/uploads\/2021\/06\/youtube-logo-graphic-1837872-300x300.png 300w, https:\/\/likyatravel.com.tr\/wp-content\/uploads\/2021\/06\/youtube-logo-graphic-1837872-100x100.png 100w\" sizes=\"(max-width: 150px) 100vw, 150px\" \/><\/figure><div class=\"elementor-image-box-content\"><h5 class=\"elementor-image-box-title\">YouTube <\/h5><p class=\"elementor-image-box-description\">\u5f88\u5feb\uff01<\/p><\/div><\/div>\t\t\t\t<\/div>\n\t\t\t\t<\/div>\n\t\t\t\t\t<\/div>\n\t\t<\/div>\n\t\t\t\t\t<\/div>\n\t\t<\/section>\n\t\t\t\t\t<\/div>\n\t\t<\/div>\n\t\t\t\t\t<\/div>\n\t\t<\/section>\n\t\t\t\t<\/div>\n\t\t","protected":false},"excerpt":{"rendered":"<p>\u98de\u884c\u6109\u5feb\u5417\uff1f \u4e3b\u9875 T\u00fcrk\u00e7e \u0130ngilizce Rus\u00e7a Arap\u00e7a Modern \u00c7ince Li [&hellip;]<\/p>\n","protected":false},"author":2,"featured_media":0,"parent":0,"menu_order":0,"comment_status":"closed","ping_status":"closed","template":"","meta":{"site-sidebar-layout":"no-sidebar","site-content-layout":"page-builder","ast-site-content-layout":"default","site-content-style":"default","site-sidebar-style":"default","ast-global-header-display":"","ast-banner-title-visibility":"","ast-main-header-display":"","ast-hfb-above-header-display":"","ast-hfb-below-header-display":"","ast-hfb-mobile-header-display":"","site-post-title":"disabled","ast-breadcrumbs-content":"","ast-featured-img":"disabled","footer-sml-layout":"","ast-disable-related-posts":"","theme-transparent-header-meta":"default","adv-header-id-meta":"","stick-header-meta":"default","header-above-stick-meta":"","header-main-stick-meta":"","header-below-stick-meta":"","astra-migrate-meta-layouts":"default","ast-page-background-enabled":"default","ast-page-background-meta":{"desktop":{"background-color":"","background-image":"","background-repeat":"repeat","background-position":"center center","background-size":"auto","background-attachment":"scroll","background-type":"","background-media":"","overlay-type":"","overlay-color":"","overlay-opacity":"","overlay-gradient":""},"tablet":{"background-color":"","background-image":"","background-repeat":"repeat","background-position":"center center","background-size":"auto","background-attachment":"scroll","background-type":"","background-media":"","overlay-type":"","overlay-color":"","overlay-opacity":"","overlay-gradient":""},"mobile":{"background-color":"","background-image":"","background-repeat":"repeat","background-position":"center center","background-size":"auto","background-attachment":"scroll","background-type":"","background-media":"","overlay-type":"","overlay-color":"","overlay-opacity":"","overlay-gradient":""}},"ast-content-background-meta":{"desktop":{"background-color":"var(--ast-global-color-5)","background-image":"","background-repeat":"repeat","background-position":"center center","background-size":"auto","background-attachment":"scroll","background-type":"","background-media":"","overlay-type":"","overlay-color":"","overlay-opacity":"","overlay-gradient":""},"tablet":{"background-color":"var(--ast-global-color-5)","background-image":"","background-repeat":"repeat","background-position":"center center","background-size":"auto","background-attachment":"scroll","background-type":"","background-media":"","overlay-type":"","overlay-color":"","overlay-opacity":"","overlay-gradient":""},"mobile":{"background-color":"var(--ast-global-color-5)","background-image":"","background-repeat":"repeat","background-position":"center center","background-size":"auto","background-attachment":"scroll","background-type":"","background-media":"","overlay-type":"","overlay-color":"","overlay-opacity":"","overlay-gradient":""}},"footnotes":""},"class_list":["post-2278","page","type-page","status-publish","hentry"],"aioseo_notices":[],"_links":{"self":[{"href":"https:\/\/likyatravel.com.tr\/zh-hans\/wp-json\/wp\/v2\/pages\/2278","targetHints":{"allow":["GET"]}}],"collection":[{"href":"https:\/\/likyatravel.com.tr\/zh-hans\/wp-json\/wp\/v2\/pages"}],"about":[{"href":"https:\/\/likyatravel.com.tr\/zh-hans\/wp-json\/wp\/v2\/types\/page"}],"author":[{"embeddable":true,"href":"https:\/\/likyatravel.com.tr\/zh-hans\/wp-json\/wp\/v2\/users\/2"}],"replies":[{"embeddable":true,"href":"https:\/\/likyatravel.com.tr\/zh-hans\/wp-json\/wp\/v2\/comments?post=2278"}],"version-history":[{"count":0,"href":"https:\/\/likyatravel.com.tr\/zh-hans\/wp-json\/wp\/v2\/pages\/2278\/revisions"}],"wp:attachment":[{"href":"https:\/\/likyatravel.com.tr\/zh-hans\/wp-json\/wp\/v2\/media?parent=2278"}],"curies":[{"name":"wp","href":"https:\/\/api.w.org\/{rel}","templated":true}]}}