{"id":3249,"date":"2023-05-18T12:43:17","date_gmt":"2023-05-18T12:43:17","guid":{"rendered":"https:\/\/likyatravel.com.tr\/product\/oludeniz-paragliding-fethiye\/"},"modified":"2023-06-12T18:30:24","modified_gmt":"2023-06-12T18:30:24","slug":"oludeniz-paragliding-fethiye","status":"publish","type":"product","link":"https:\/\/likyatravel.com.tr\/tr\/urun\/oludeniz-paragliding-fethiye\/","title":{"rendered":"\u00d6l\u00fcdeniz Yama\u00e7 Para\u015f\u00fct\u00fc Fethiye"},"content":{"rendered":"<p>Fethiye Yama\u00e7 Para\u015f\u00fct\u00fc, maceray\u0131 sevenler i\u00e7in e\u011flenceli bir a\u00e7\u0131k hava aktivitesidir. T\u00fcrkiye&#8217;de Akdeniz&#8217;in, a\u011fa\u00e7lar\u0131n ve da\u011flar\u0131n g\u00fczel manzaralar\u0131n\u0131 g\u00f6rebilece\u011finiz g\u00fczel bir yerde ger\u00e7ekle\u015fir. Pilotlar size ne yapman\u0131z gerekti\u011fini s\u00f6yleyece\u011fi ve g\u00fcvende oldu\u011funuzdan emin olaca\u011f\u0131 i\u00e7in bunu daha \u00f6nce yapm\u0131\u015f olman\u0131za gerek yoktur. \u0130\u015fini bilen ve lisans sahibi insanlarla u\u00e7acaks\u0131n\u0131z. U\u00e7u\u015f, r\u00fczgar ve hava durumuna ba\u011fl\u0131 olarak 20 ila 30 dakika aras\u0131nda s\u00fcrebilir. Bu faaliyete ula\u015f\u0131m, iyi ekipman ve iste\u011fe ba\u011fl\u0131 olarak foto\u011fraf ve videolar dahildir. \u00d6zet olarak Fethiye Yama\u00e7 Para\u015f\u00fct\u00fc, b\u00f6lgedeyseniz denemek i\u00e7in harika bir aktivitedir.<\/p>\n","protected":false},"excerpt":{"rendered":"<p>Fiyatlar tarihe g\u00f6re de\u011fi\u015fiklik g\u00f6sterebilir.<\/p>\n","protected":false},"featured_media":1754,"comment_status":"open","ping_status":"closed","template":"","meta":{"site-sidebar-layout":"default","site-content-layout":"default","ast-site-content-layout":"default","site-content-style":"default","site-sidebar-style":"default","ast-global-header-display":"","ast-banner-title-visibility":"","ast-main-header-display":"","ast-hfb-above-header-display":"","ast-hfb-below-header-display":"","ast-hfb-mobile-header-display":"","site-post-title":"","ast-breadcrumbs-content":"","ast-featured-img":"","footer-sml-layout":"","ast-disable-related-posts":"","theme-transparent-header-meta":"default","adv-header-id-meta":"","stick-header-meta":"default","header-above-stick-meta":"","header-main-stick-meta":"","header-below-stick-meta":"","astra-migrate-meta-layouts":"default","ast-page-background-enabled":"default","ast-page-background-meta":{"desktop":{"background-color":"","background-image":"","background-repeat":"repeat","background-position":"center center","background-size":"auto","background-attachment":"scroll","background-type":"","background-media":"","overlay-type":"","overlay-color":"","overlay-opacity":"","overlay-gradient":""},"tablet":{"background-color":"","background-image":"","background-repeat":"repeat","background-position":"center center","background-size":"auto","background-attachment":"scroll","background-type":"","background-media":"","overlay-type":"","overlay-color":"","overlay-opacity":"","overlay-gradient":""},"mobile":{"background-color":"","background-image":"","background-repeat":"repeat","background-position":"center center","background-size":"auto","background-attachment":"scroll","background-type":"","background-media":"","overlay-type":"","overlay-color":"","overlay-opacity":"","overlay-gradient":""}},"ast-content-background-meta":{"desktop":{"background-color":"var(--ast-global-color-5)","background-image":"","background-repeat":"repeat","background-position":"center center","background-size":"auto","background-attachment":"scroll","background-type":"","background-media":"","overlay-type":"","overlay-color":"","overlay-opacity":"","overlay-gradient":""},"tablet":{"background-color":"var(--ast-global-color-5)","background-image":"","background-repeat":"repeat","background-position":"center center","background-size":"auto","background-attachment":"scroll","background-type":"","background-media":"","overlay-type":"","overlay-color":"","overlay-opacity":"","overlay-gradient":""},"mobile":{"background-color":"var(--ast-global-color-5)","background-image":"","background-repeat":"repeat","background-position":"center center","background-size":"auto","background-attachment":"scroll","background-type":"","background-media":"","overlay-type":"","overlay-color":"","overlay-opacity":"","overlay-gradient":""}}},"product_brand":[],"product_cat":[99,100],"product_tag":[],"class_list":{"0":"post-3249","1":"product","2":"type-product","3":"status-publish","4":"has-post-thumbnail","6":"product_cat-etkinlik","7":"product_cat-yamac-parasutu","8":"desktop-align-left","9":"tablet-align-left","10":"mobile-align-left","11":"ast-product-gallery-layout-horizontal-slider","12":"ast-product-gallery-with-no-image","13":"ast-product-tabs-layout-horizontal","15":"first","16":"instock","17":"virtual","18":"sold-individually","19":"purchasable","20":"product-type-simple"},"aioseo_notices":[],"_links":{"self":[{"href":"https:\/\/likyatravel.com.tr\/tr\/wp-json\/wp\/v2\/product\/3249","targetHints":{"allow":["GET"]}}],"collection":[{"href":"https:\/\/likyatravel.com.tr\/tr\/wp-json\/wp\/v2\/product"}],"about":[{"href":"https:\/\/likyatravel.com.tr\/tr\/wp-json\/wp\/v2\/types\/product"}],"replies":[{"embeddable":true,"href":"https:\/\/likyatravel.com.tr\/tr\/wp-json\/wp\/v2\/comments?post=3249"}],"wp:featuredmedia":[{"embeddable":true,"href":"https:\/\/likyatravel.com.tr\/tr\/wp-json\/wp\/v2\/media\/1754"}],"wp:attachment":[{"href":"https:\/\/likyatravel.com.tr\/tr\/wp-json\/wp\/v2\/media?parent=3249"}],"wp:term":[{"taxonomy":"product_brand","embeddable":true,"href":"https:\/\/likyatravel.com.tr\/tr\/wp-json\/wp\/v2\/product_brand?post=3249"},{"taxonomy":"product_cat","embeddable":true,"href":"https:\/\/likyatravel.com.tr\/tr\/wp-json\/wp\/v2\/product_cat?post=3249"},{"taxonomy":"product_tag","embeddable":true,"href":"https:\/\/likyatravel.com.tr\/tr\/wp-json\/wp\/v2\/product_tag?post=3249"}],"curies":[{"name":"wp","href":"https:\/\/api.w.org\/{rel}","templated":true}]}}