{"id":2893,"date":"2022-05-06T17:25:46","date_gmt":"2022-05-06T17:25:46","guid":{"rendered":"https:\/\/likyatravel.com.tr\/?page_id=2893"},"modified":"2023-01-05T11:42:47","modified_gmt":"2023-01-05T11:42:47","slug":"blog","status":"publish","type":"page","link":"https:\/\/likyatravel.com.tr\/tr\/blog\/","title":{"rendered":"Blog"},"content":{"rendered":"\t\t<div data-elementor-type=\"wp-page\" data-elementor-id=\"2893\" class=\"elementor elementor-2893\">\n\t\t\t\t\t\t<section class=\"elementor-section elementor-top-section elementor-element elementor-element-e35cebd elementor-section-boxed elementor-section-height-default elementor-section-height-default\" data-id=\"e35cebd\" data-element_type=\"section\" data-e-type=\"section\">\n\t\t\t\t\t\t<div class=\"elementor-container elementor-column-gap-default\">\n\t\t\t\t\t<div class=\"elementor-column elementor-col-100 elementor-top-column elementor-element elementor-element-af4d6ca\" data-id=\"af4d6ca\" data-element_type=\"column\" data-e-type=\"column\">\n\t\t\t<div class=\"elementor-widget-wrap elementor-element-populated\">\n\t\t\t\t\t\t<div class=\"elementor-element elementor-element-e06531f uael-equal__height-yes elementor-widget elementor-widget-uael-posts\" data-id=\"e06531f\" data-element_type=\"widget\" data-e-type=\"widget\" data-settings=\"{&quot;classic_slides_to_show&quot;:3,&quot;classic_slides_to_show_tablet&quot;:2,&quot;classic_slides_to_show_mobile&quot;:1}\" data-widget_type=\"uael-posts.classic\">\n\t\t\t\t<div class=\"elementor-widget-container\">\n\t\t\t\t\t\t\t<div class=\"uael-post__header\">\r\n\t\t\t\t\t<\/div>\r\n\t\t<div class=\"uael-post__body\">\r\n\t\t\t\r\n\t\t\r\n\t\t<div class=\"uael-blog-terms-position-above_content uael-post-image-top uael-post-grid uael-posts\" data-query-type=\"custom\" data-structure=\"normal\" data-layout=\"\" data-page=\"2893\" data-skin=\"classic\" data-filter-default=\"\" data-offset-top=\"30\" >\r\n\r\n\t\t\t\t\t\t\t<div class=\"uael-post-grid__inner uael-post__columns-3 uael-post__columns-tablet-2 uael-post__columns-mobile-1\">\r\n\t\t\t\r\n<div class=\"uael-post-wrapper   babada\u011f fethiye \u00d6l\u00fcdeniz yama\u00e7-para\u015f\u00fct\u00fc \">\r\n\t<div class=\"uael-post__bg-wrap\">\r\n\r\n\t\t\t\t\r\n\t\t<div class=\"uael-post__inner-wrap\">\r\n\r\n\t\t\t\t<div class=\"uael-post__thumbnail\">\r\n\t\t\t\r\n\t\t\t<a href=\"https:\/\/likyatravel.com.tr\/tr\/fethiye-yamac-parasutu-oludeniz-babadag-fiyat\/\" target=\"_self\" title=\"\u00d6l\u00fcdeniz Babada\u011f Yama\u00e7 Para\u015f\u00fct\u00fc\"><img fetchpriority=\"high\" decoding=\"async\" width=\"800\" height=\"600\" src=\"https:\/\/likyatravel.com.tr\/wp-content\/uploads\/2021\/06\/yamac-parasutu-likya-4.jpg\" class=\"attachment-full size-full wp-image-1739\" alt=\"\" srcset=\"https:\/\/likyatravel.com.tr\/wp-content\/uploads\/2021\/06\/yamac-parasutu-likya-4.jpg 800w, https:\/\/likyatravel.com.tr\/wp-content\/uploads\/2021\/06\/yamac-parasutu-likya-4-300x225.jpg 300w, https:\/\/likyatravel.com.tr\/wp-content\/uploads\/2021\/06\/yamac-parasutu-likya-4-768x576.jpg 768w, https:\/\/likyatravel.com.tr\/wp-content\/uploads\/2021\/06\/yamac-parasutu-likya-4-600x450.jpg 600w\" sizes=\"(max-width: 800px) 100vw, 800px\" \/><\/a>\r\n\t\t\t\t\t<\/div>\r\n\t\t\r\n\t\t\t\r\n\t\t\t<div class=\"uael-post__content-wrap\">\r\n\t\t\t\t\t\t\t<div class=\"uael-post__terms-wrap\"><span class=\"uael-post__terms\"><a href=\"https:\/\/likyatravel.com.tr\/tr\/category\/babadag-2\/\" class=\"uael-listing__terms-link\" id=\"uael-post-term-babadag-2\" aria-labelledby=\"uael-post-term-babadag-2\">Babada\u011f<\/a><\/span><\/div>\r\n\t\t\t\t\t\t<h3 class=\"uael-post__title\">\r\n\r\n\t\t\r\n\t\t\t\t\t\t<a href=\"https:\/\/likyatravel.com.tr\/tr\/fethiye-yamac-parasutu-oludeniz-babadag-fiyat\/\" target=\"_self\">\r\n\t\t\t\t\u00d6l\u00fcdeniz Babada\u011f Yama\u00e7 Para\u015f\u00fct\u00fc\t\t\t<\/a>\r\n\r\n\t\t\t\t<\/h3>\r\n\t\t\t\t\t<div class=\"uael-post__meta-data\">\r\n\t\t\t\t\t<span class=\"uael-post__date\">\r\n\t\t\t\t\t\t\t\t\t\t\t\t\t<i aria-hidden=\"true\" class=\"fa fa-calendar\"><\/i>\t\t\t\t\t\t\t\t\t\r\n\t\t\tKas\u0131m 1, 2022\t\t<\/span>\r\n\t\t\t\t<span class=\"uael-post__comments\">\r\n\t\t\t\t\t\t\t\t\t\t\t\t<i aria-hidden=\"true\" class=\"fa fa-comments\"><\/i>\t\t\t\t\t\t\t\t\t\tYorum yap\u0131lmam\u0131\u015f\t\t<\/span>\r\n\t\t\t\t<\/div>\r\n\t\t\r\n\t\t<div class=\"uael-post__excerpt\">\r\n\t\t\t<p>\u0130\u00e7erik Listesi Add a header to begin generating the table of contents \u00d6l\u00fcdeniz Babada\u011f Yama\u00e7 Para\u015f\u00fct\u00fc Merkezi sadece T\u00fcrkiye&#8217;nin de\u011fil d\u00fcnyan\u0131n da en iyi bilinen &#8230;<\/p>\n\t\t<\/div>\r\n\r\n\t\t\t\t\t<a class=\"uael-post__read-more elementor-button\" href=\"https:\/\/likyatravel.com.tr\/tr\/fethiye-yamac-parasutu-oludeniz-babadag-fiyat\/\" target=\"_self\" aria-labelledby=\"uael-post-2959\">\r\n\t\t\t\t\t<span class=\"elementor-button-content-wrapper\">\r\n\t\t\t\t\t\t\t\t\t\t\t\t\t\t<span class=\"elementor-button-icon elementor-align-icon-left\">\r\n\r\n\t\t\t\t\t\t\t\t\t\r\n\t\t\t\t\t\t\t\t<\/span>\r\n\t\t\t\t\t\t\t\t\t\t\t\t\t\r\n\t\t\t\t\t\t<span class=\"elementor-button-text\" id=uael-post-2959>Devam\u0131 \u2192<\/span>\r\n\t\t\t\t\t<\/span>\r\n\t\t\t\t<\/a>\r\n\t\t\t\t\t\t<\/div>\r\n\t\t\t\r\n\t\t<\/div>\r\n\t\t\r\n\t<\/div>\r\n\r\n<\/div>\r\n\r\n<div class=\"uael-post-wrapper   fethiye \u00d6l\u00fcdeniz yama\u00e7-para\u015f\u00fct\u00fc \">\r\n\t<div class=\"uael-post__bg-wrap\">\r\n\r\n\t\t\t\t\r\n\t\t<div class=\"uael-post__inner-wrap\">\r\n\r\n\t\t\t\t<div class=\"uael-post__thumbnail\">\r\n\t\t\t\r\n\t\t\t<a href=\"https:\/\/likyatravel.com.tr\/tr\/fethiye-yamac-parasutu-fiyatlari\/\" target=\"_self\" title=\"Fethiye Yama\u00e7 Para\u015f\u00fct\u00fc Fiyatlar\u0131\"><img decoding=\"async\" width=\"800\" height=\"600\" src=\"https:\/\/likyatravel.com.tr\/wp-content\/uploads\/2021\/06\/yamac-parasutu-likya-10.jpg\" class=\"attachment-full size-full wp-image-1759\" alt=\"Fethiye Oludeniz Yama\u00e7 para\u015f\u00fct\u00fc fiyat\u0131\" srcset=\"https:\/\/likyatravel.com.tr\/wp-content\/uploads\/2021\/06\/yamac-parasutu-likya-10.jpg 800w, https:\/\/likyatravel.com.tr\/wp-content\/uploads\/2021\/06\/yamac-parasutu-likya-10-300x225.jpg 300w, https:\/\/likyatravel.com.tr\/wp-content\/uploads\/2021\/06\/yamac-parasutu-likya-10-768x576.jpg 768w, https:\/\/likyatravel.com.tr\/wp-content\/uploads\/2021\/06\/yamac-parasutu-likya-10-600x450.jpg 600w\" sizes=\"(max-width: 800px) 100vw, 800px\" \/><\/a>\r\n\t\t\t\t\t<\/div>\r\n\t\t\r\n\t\t\t\r\n\t\t\t<div class=\"uael-post__content-wrap\">\r\n\t\t\t\t\t\t\t<div class=\"uael-post__terms-wrap\"><span class=\"uael-post__terms\"><a href=\"https:\/\/likyatravel.com.tr\/tr\/category\/fethiye-2\/\" class=\"uael-listing__terms-link\" id=\"uael-post-term-fethiye-2\" aria-labelledby=\"uael-post-term-fethiye-2\">Fethiye<\/a><\/span><\/div>\r\n\t\t\t\t\t\t<h3 class=\"uael-post__title\">\r\n\r\n\t\t\r\n\t\t\t\t\t\t<a href=\"https:\/\/likyatravel.com.tr\/tr\/fethiye-yamac-parasutu-fiyatlari\/\" target=\"_self\">\r\n\t\t\t\tFethiye Yama\u00e7 Para\u015f\u00fct\u00fc Fiyatlar\u0131\t\t\t<\/a>\r\n\r\n\t\t\t\t<\/h3>\r\n\t\t\t\t\t<div class=\"uael-post__meta-data\">\r\n\t\t\t\t\t<span class=\"uael-post__date\">\r\n\t\t\t\t\t\t\t\t\t\t\t\t\t<i aria-hidden=\"true\" class=\"fa fa-calendar\"><\/i>\t\t\t\t\t\t\t\t\t\r\n\t\t\tMay\u0131s 6, 2022\t\t<\/span>\r\n\t\t\t\t<span class=\"uael-post__comments\">\r\n\t\t\t\t\t\t\t\t\t\t\t\t<i aria-hidden=\"true\" class=\"fa fa-comments\"><\/i>\t\t\t\t\t\t\t\t\t\tYorum yap\u0131lmam\u0131\u015f\t\t<\/span>\r\n\t\t\t\t<\/div>\r\n\t\t\r\n\t\t<div class=\"uael-post__excerpt\">\r\n\t\t\t<p>\u00d6l\u00fcdeniz Yama\u00e7 Para\u015f\u00fct\u00fc 2026 y\u0131l\u0131 fiyat\u0131 \u00d6l\u00fcdeniz Babada\u011f yama\u00e7 para\u015f\u00fct\u00fc fiyatlar\u0131 2026 y\u0131l\u0131nda 130 usd oldu. Bu karar kooperatifler birli\u011fi taraf\u0131ndan al\u0131nd\u0131. Fiyat\u0131n i\u00e7ine foto\u011fraf &#8230;<\/p>\n\t\t<\/div>\r\n\r\n\t\t\t\t\t<a class=\"uael-post__read-more elementor-button\" href=\"https:\/\/likyatravel.com.tr\/tr\/fethiye-yamac-parasutu-fiyatlari\/\" target=\"_self\" aria-labelledby=\"uael-post-2887\">\r\n\t\t\t\t\t<span class=\"elementor-button-content-wrapper\">\r\n\t\t\t\t\t\t\t\t\t\t\t\t\t\t<span class=\"elementor-button-icon elementor-align-icon-left\">\r\n\r\n\t\t\t\t\t\t\t\t\t\r\n\t\t\t\t\t\t\t\t<\/span>\r\n\t\t\t\t\t\t\t\t\t\t\t\t\t\r\n\t\t\t\t\t\t<span class=\"elementor-button-text\" id=uael-post-2887>Devam\u0131 \u2192<\/span>\r\n\t\t\t\t\t<\/span>\r\n\t\t\t\t<\/a>\r\n\t\t\t\t\t\t<\/div>\r\n\t\t\t\r\n\t\t<\/div>\r\n\t\t\r\n\t<\/div>\r\n\r\n<\/div>\r\n\r\n<div class=\"uael-post-wrapper   \u00d6l\u00fcdeniz \">\r\n\t<div class=\"uael-post__bg-wrap\">\r\n\r\n\t\t\t\t\r\n\t\t<div class=\"uael-post__inner-wrap\">\r\n\r\n\t\t\t\t<div class=\"uael-post__thumbnail\">\r\n\t\t\t\r\n\t\t\t<a href=\"https:\/\/likyatravel.com.tr\/tr\/fethiye-teleferik-ve-yamac-parasutu\/\" target=\"_self\" title=\"Fethiye Teleferik ve Yama\u00e7 Para\u015f\u00fct\u00fc\"><img decoding=\"async\" width=\"603\" height=\"293\" src=\"https:\/\/likyatravel.com.tr\/wp-content\/uploads\/2021\/11\/fethiye-babadag-teleferik-yamac-parasutu.jpg\" class=\"attachment-full size-full wp-image-2821\" alt=\"Fethiye teleferik ve yama\u00e7 para\u015f\u00fct\u00fc.\" srcset=\"https:\/\/likyatravel.com.tr\/wp-content\/uploads\/2021\/11\/fethiye-babadag-teleferik-yamac-parasutu.jpg 603w, https:\/\/likyatravel.com.tr\/wp-content\/uploads\/2021\/11\/fethiye-babadag-teleferik-yamac-parasutu-300x146.jpg 300w\" sizes=\"(max-width: 603px) 100vw, 603px\" \/><\/a>\r\n\t\t\t\t\t<\/div>\r\n\t\t\r\n\t\t\t\r\n\t\t\t<div class=\"uael-post__content-wrap\">\r\n\t\t\t\t\t\t\t<div class=\"uael-post__terms-wrap\"><span class=\"uael-post__terms\"><a href=\"https:\/\/likyatravel.com.tr\/tr\/category\/oludeniz-2\/\" class=\"uael-listing__terms-link\" id=\"uael-post-term-oludeniz-2\" aria-labelledby=\"uael-post-term-oludeniz-2\">\u00d6l\u00fcdeniz<\/a><\/span><\/div>\r\n\t\t\t\t\t\t<h3 class=\"uael-post__title\">\r\n\r\n\t\t\r\n\t\t\t\t\t\t<a href=\"https:\/\/likyatravel.com.tr\/tr\/fethiye-teleferik-ve-yamac-parasutu\/\" target=\"_self\">\r\n\t\t\t\tFethiye Teleferik ve Yama\u00e7 Para\u015f\u00fct\u00fc\t\t\t<\/a>\r\n\r\n\t\t\t\t<\/h3>\r\n\t\t\t\t\t<div class=\"uael-post__meta-data\">\r\n\t\t\t\t\t<span class=\"uael-post__date\">\r\n\t\t\t\t\t\t\t\t\t\t\t\t\t<i aria-hidden=\"true\" class=\"fa fa-calendar\"><\/i>\t\t\t\t\t\t\t\t\t\r\n\t\t\tKas\u0131m 16, 2021\t\t<\/span>\r\n\t\t\t\t<span class=\"uael-post__comments\">\r\n\t\t\t\t\t\t\t\t\t\t\t\t<i aria-hidden=\"true\" class=\"fa fa-comments\"><\/i>\t\t\t\t\t\t\t\t\t\tYorum yap\u0131lmam\u0131\u015f\t\t<\/span>\r\n\t\t\t\t<\/div>\r\n\t\t\r\n\t\t<div class=\"uael-post__excerpt\">\r\n\t\t\t<p>Teleferik ile Babada\u011f&#8217;a \u00e7\u0131k\u0131p yama\u00e7 para\u015f\u00fct\u00fcn\u00fc deneyimlemek, \u00d6l\u00fcdeniz Fethiye&#8217;nin e\u015fsiz manzaras\u0131n\u0131 ku\u015flar gibi s\u00fcz\u00fclerek izlemek&nbsp; yapaca\u011f\u0131n\u0131z en g\u00fczel aktivitelerden biri olacakt\u0131r. 2021 may\u0131s sonu faaliyete &#8230;<\/p>\n\t\t<\/div>\r\n\r\n\t\t\t\t\t<a class=\"uael-post__read-more elementor-button\" href=\"https:\/\/likyatravel.com.tr\/tr\/fethiye-teleferik-ve-yamac-parasutu\/\" target=\"_self\" aria-labelledby=\"uael-post-2818\">\r\n\t\t\t\t\t<span class=\"elementor-button-content-wrapper\">\r\n\t\t\t\t\t\t\t\t\t\t\t\t\t\t<span class=\"elementor-button-icon elementor-align-icon-left\">\r\n\r\n\t\t\t\t\t\t\t\t\t\r\n\t\t\t\t\t\t\t\t<\/span>\r\n\t\t\t\t\t\t\t\t\t\t\t\t\t\r\n\t\t\t\t\t\t<span class=\"elementor-button-text\" id=uael-post-2818>Devam\u0131 \u2192<\/span>\r\n\t\t\t\t\t<\/span>\r\n\t\t\t\t<\/a>\r\n\t\t\t\t\t\t<\/div>\r\n\t\t\t\r\n\t\t<\/div>\r\n\t\t\r\n\t<\/div>\r\n\r\n<\/div>\r\n\t\t\t\t<\/div>\r\n\t\t\t\t\t\t\r\n\t\t<\/div>\r\n\r\n\t\t\t\t\t\t<\/div>\r\n\t\t<div class=\"uael-post__footer\">\r\n\t\t\t\t\t<\/div>\r\n\t\t\t\t\t\t<\/div>\n\t\t\t\t<\/div>\n\t\t\t\t\t<\/div>\n\t\t<\/div>\n\t\t\t\t\t<\/div>\n\t\t<\/section>\n\t\t\t\t<\/div>\n\t\t","protected":false},"excerpt":{"rendered":"<p>Babada\u011f \u00d6l\u00fcdeniz Babada\u011f Yama\u00e7 Para\u015f\u00fct\u00fc Kas\u0131m 1, 2022 Yorum yap\u0131lmam\u0131\u015f Bilgi Listesi Add a header to begin generating the table of contents \u00d6l\u00fcdeniz Babada\u011f Yama\u00e7 Para\u015f\u00fct\u00fc Merkezi sadece T\u00fcrkiye&#8217;nin de\u011fil d\u00fcnyan\u0131n da en iyi bilinen &#8230; Devam\u0131 \u2192 Fethiye Fethiye Yama\u00e7 Para\u015f\u00fct\u00fc Fiyatlar\u0131 May\u0131s 6, 2022 Yorum yap\u0131lmam\u0131\u015f Her y\u0131l g\u00fcncellenen Fethiye yamac parasutu fiyat\u0131 [&hellip;]<\/p>\n","protected":false},"author":2,"featured_media":1834,"parent":0,"menu_order":0,"comment_status":"closed","ping_status":"closed","template":"","meta":{"site-sidebar-layout":"no-sidebar","site-content-layout":"page-builder","ast-site-content-layout":"default","site-content-style":"default","site-sidebar-style":"default","ast-global-header-display":"","ast-banner-title-visibility":"","ast-main-header-display":"","ast-hfb-above-header-display":"","ast-hfb-below-header-display":"","ast-hfb-mobile-header-display":"","site-post-title":"disabled","ast-breadcrumbs-content":"","ast-featured-img":"disabled","footer-sml-layout":"","ast-disable-related-posts":"","theme-transparent-header-meta":"","adv-header-id-meta":"","stick-header-meta":"","header-above-stick-meta":"","header-main-stick-meta":"","header-below-stick-meta":"","astra-migrate-meta-layouts":"default","ast-page-background-enabled":"default","ast-page-background-meta":{"desktop":{"background-color":"","background-image":"","background-repeat":"repeat","background-position":"center center","background-size":"auto","background-attachment":"scroll","background-type":"","background-media":"","overlay-type":"","overlay-color":"","overlay-opacity":"","overlay-gradient":""},"tablet":{"background-color":"","background-image":"","background-repeat":"repeat","background-position":"center center","background-size":"auto","background-attachment":"scroll","background-type":"","background-media":"","overlay-type":"","overlay-color":"","overlay-opacity":"","overlay-gradient":""},"mobile":{"background-color":"","background-image":"","background-repeat":"repeat","background-position":"center center","background-size":"auto","background-attachment":"scroll","background-type":"","background-media":"","overlay-type":"","overlay-color":"","overlay-opacity":"","overlay-gradient":""}},"ast-content-background-meta":{"desktop":{"background-color":"var(--ast-global-color-5)","background-image":"","background-repeat":"repeat","background-position":"center center","background-size":"auto","background-attachment":"scroll","background-type":"","background-media":"","overlay-type":"","overlay-color":"","overlay-opacity":"","overlay-gradient":""},"tablet":{"background-color":"var(--ast-global-color-5)","background-image":"","background-repeat":"repeat","background-position":"center center","background-size":"auto","background-attachment":"scroll","background-type":"","background-media":"","overlay-type":"","overlay-color":"","overlay-opacity":"","overlay-gradient":""},"mobile":{"background-color":"var(--ast-global-color-5)","background-image":"","background-repeat":"repeat","background-position":"center center","background-size":"auto","background-attachment":"scroll","background-type":"","background-media":"","overlay-type":"","overlay-color":"","overlay-opacity":"","overlay-gradient":""}},"footnotes":""},"class_list":["post-2893","page","type-page","status-publish","has-post-thumbnail","hentry"],"aioseo_notices":[],"_links":{"self":[{"href":"https:\/\/likyatravel.com.tr\/tr\/wp-json\/wp\/v2\/pages\/2893","targetHints":{"allow":["GET"]}}],"collection":[{"href":"https:\/\/likyatravel.com.tr\/tr\/wp-json\/wp\/v2\/pages"}],"about":[{"href":"https:\/\/likyatravel.com.tr\/tr\/wp-json\/wp\/v2\/types\/page"}],"author":[{"embeddable":true,"href":"https:\/\/likyatravel.com.tr\/tr\/wp-json\/wp\/v2\/users\/2"}],"replies":[{"embeddable":true,"href":"https:\/\/likyatravel.com.tr\/tr\/wp-json\/wp\/v2\/comments?post=2893"}],"version-history":[{"count":0,"href":"https:\/\/likyatravel.com.tr\/tr\/wp-json\/wp\/v2\/pages\/2893\/revisions"}],"wp:featuredmedia":[{"embeddable":true,"href":"https:\/\/likyatravel.com.tr\/tr\/wp-json\/wp\/v2\/media\/1834"}],"wp:attachment":[{"href":"https:\/\/likyatravel.com.tr\/tr\/wp-json\/wp\/v2\/media?parent=2893"}],"curies":[{"name":"wp","href":"https:\/\/api.w.org\/{rel}","templated":true}]}}