{"id":2371,"date":"2021-06-26T17:41:21","date_gmt":"2021-06-26T17:41:21","guid":{"rendered":"http:\/\/likyatravel.com.tr\/?page_id=2371"},"modified":"2023-05-18T12:37:40","modified_gmt":"2023-05-18T12:37:40","slug":"fethiye-yamac-parasutu-bileti-rezervasyon","status":"publish","type":"page","link":"https:\/\/likyatravel.com.tr\/tr\/fethiye-yamac-parasutu-bileti-rezervasyon\/","title":{"rendered":"Fethiye Yama\u00e7 Para\u015f\u00fct\u00fc Bileti"},"content":{"rendered":"\t\t<div data-elementor-type=\"wp-page\" data-elementor-id=\"2371\" class=\"elementor elementor-2371\">\n\t\t\t\t\t\t<section class=\"elementor-section elementor-top-section elementor-element elementor-element-452b8b2 elementor-section-content-middle elementor-section-boxed elementor-section-height-default elementor-section-height-default\" data-id=\"452b8b2\" data-element_type=\"section\" data-e-type=\"section\" data-settings=\"{&quot;background_background&quot;:&quot;classic&quot;}\">\n\t\t\t\t\t\t<div class=\"elementor-container elementor-column-gap-default\">\n\t\t\t\t\t<div class=\"elementor-column elementor-col-100 elementor-top-column elementor-element elementor-element-1d139571\" data-id=\"1d139571\" data-element_type=\"column\" data-e-type=\"column\">\n\t\t\t<div class=\"elementor-widget-wrap elementor-element-populated\">\n\t\t\t\t\t\t<section class=\"elementor-section elementor-inner-section elementor-element elementor-element-4377e31b elementor-section-full_width elementor-section-height-default elementor-section-height-default\" data-id=\"4377e31b\" data-element_type=\"section\" data-e-type=\"section\">\n\t\t\t\t\t\t<div class=\"elementor-container elementor-column-gap-default\">\n\t\t\t\t\t<div class=\"elementor-column elementor-col-100 elementor-inner-column elementor-element elementor-element-4a640d20\" data-id=\"4a640d20\" data-element_type=\"column\" data-e-type=\"column\">\n\t\t\t<div class=\"elementor-widget-wrap elementor-element-populated\">\n\t\t\t\t\t\t<div class=\"elementor-element elementor-element-558f009 elementor-widget elementor-widget-heading\" data-id=\"558f009\" data-element_type=\"widget\" data-e-type=\"widget\" data-widget_type=\"heading.default\">\n\t\t\t\t<div class=\"elementor-widget-container\">\n\t\t\t\t\t<h2 class=\"elementor-heading-title elementor-size-default\">Fethiye Yama\u00e7 Para\u015f\u00fct\u00fc<\/h2>\t\t\t\t<\/div>\n\t\t\t\t<\/div>\n\t\t\t\t<div class=\"elementor-element elementor-element-16fea8c elementor-widget-divider--view-line elementor-widget elementor-widget-divider\" data-id=\"16fea8c\" data-element_type=\"widget\" data-e-type=\"widget\" data-widget_type=\"divider.default\">\n\t\t\t\t<div class=\"elementor-widget-container\">\n\t\t\t\t\t\t\t<div class=\"elementor-divider\">\n\t\t\t<span class=\"elementor-divider-separator\">\n\t\t\t\t\t\t<\/span>\n\t\t<\/div>\n\t\t\t\t\t\t<\/div>\n\t\t\t\t<\/div>\n\t\t\t\t<div class=\"elementor-element elementor-element-bef4f7e elementor-widget elementor-widget-spacer\" data-id=\"bef4f7e\" data-element_type=\"widget\" data-e-type=\"widget\" data-widget_type=\"spacer.default\">\n\t\t\t\t<div class=\"elementor-widget-container\">\n\t\t\t\t\t\t\t<div class=\"elementor-spacer\">\n\t\t\t<div class=\"elementor-spacer-inner\"><\/div>\n\t\t<\/div>\n\t\t\t\t\t\t<\/div>\n\t\t\t\t<\/div>\n\t\t\t\t\t<\/div>\n\t\t<\/div>\n\t\t\t\t\t<\/div>\n\t\t<\/section>\n\t\t\t\t<section class=\"elementor-section elementor-inner-section elementor-element elementor-element-23293bfe elementor-section-boxed elementor-section-height-default elementor-section-height-default\" data-id=\"23293bfe\" data-element_type=\"section\" data-e-type=\"section\" data-settings=\"{&quot;background_background&quot;:&quot;classic&quot;}\">\n\t\t\t\t\t\t\t<div class=\"elementor-background-overlay\"><\/div>\n\t\t\t\t\t\t\t<div class=\"elementor-container elementor-column-gap-default\">\n\t\t\t\t\t<div class=\"elementor-column elementor-col-50 elementor-inner-column elementor-element elementor-element-91f71b\" data-id=\"91f71b\" data-element_type=\"column\" data-e-type=\"column\">\n\t\t\t<div class=\"elementor-widget-wrap elementor-element-populated\">\n\t\t\t\t\t\t<div class=\"elementor-element elementor-element-48674253 elementor-widget elementor-widget-heading\" data-id=\"48674253\" data-element_type=\"widget\" data-e-type=\"widget\" data-widget_type=\"heading.default\">\n\t\t\t\t<div class=\"elementor-widget-container\">\n\t\t\t\t\t<h4 class=\"elementor-heading-title elementor-size-default\">Yerinizi ay\u0131rt\u0131n!<\/h4>\t\t\t\t<\/div>\n\t\t\t\t<\/div>\n\t\t\t\t<div class=\"elementor-element elementor-element-491c6232 elementor-widget elementor-widget-heading\" data-id=\"491c6232\" data-element_type=\"widget\" data-e-type=\"widget\" data-widget_type=\"heading.default\">\n\t\t\t\t<div class=\"elementor-widget-container\">\n\t\t\t\t\t<h2 class=\"elementor-heading-title elementor-size-default\">Yama\u00e7 Para\u015f\u00fct\u00fc Bileti<\/h2>\t\t\t\t<\/div>\n\t\t\t\t<\/div>\n\t\t\t\t<div class=\"elementor-element elementor-element-123ed394 elementor-widget elementor-widget-text-editor\" data-id=\"123ed394\" data-element_type=\"widget\" data-e-type=\"widget\" data-widget_type=\"text-editor.default\">\n\t\t\t\t<div class=\"elementor-widget-container\">\n\t\t\t\t\t\t\t\t\t<p>Takvimden \u00f6n rezervasyonu yap\u0131n. 24 saat i\u00e7inde depozitoyu \u00f6dedi\u011finiz takdirde onaylanacak ve size biletiniz email olarak g\u00f6nderilecektir.<\/p><ul><li>Foto\u011fraf ve videolar bilete dahil de\u011fildir. U\u00e7u\u015ftan sonra pilotunuzdan sat\u0131n alabilirsiniz. \u00dccreti: 30 USD.<\/li><li>Teleferikle \u00e7\u0131kmak : Ekstra 180 TL.<\/li><li>Transfer arac\u0131m\u0131zla sedir a\u011fa\u00e7lar\u0131n\u0131n aras\u0131ndan \u00e7\u0131kmak: Fiyata dahil.<\/li><\/ul>\t\t\t\t\t\t\t\t<\/div>\n\t\t\t\t<\/div>\n\t\t\t\t<div class=\"elementor-element elementor-element-5dddf9e4 elementor-widget elementor-widget-heading\" data-id=\"5dddf9e4\" data-element_type=\"widget\" data-e-type=\"widget\" data-widget_type=\"heading.default\">\n\t\t\t\t<div class=\"elementor-widget-container\">\n\t\t\t\t\t<h6 class=\"elementor-heading-title elementor-size-default\">\u015eimdiden bol e\u011flence ve adrenalin dileriz.<\/h6>\t\t\t\t<\/div>\n\t\t\t\t<\/div>\n\t\t\t\t\t<\/div>\n\t\t<\/div>\n\t\t\t\t<div class=\"elementor-column elementor-col-50 elementor-inner-column elementor-element elementor-element-5b32a62e\" data-id=\"5b32a62e\" data-element_type=\"column\" data-e-type=\"column\">\n\t\t\t<div class=\"elementor-widget-wrap elementor-element-populated\">\n\t\t\t\t\t\t<div class=\"elementor-element elementor-element-aa8ce9a elementor-widget elementor-widget-text-editor\" data-id=\"aa8ce9a\" data-element_type=\"widget\" data-e-type=\"widget\" data-widget_type=\"text-editor.default\">\n\t\t\t\t<div class=\"elementor-widget-container\">\n\t\t\t\t\t\t\t\t\t<p>Paragliding Fethiye is a fun outdoor activity for people who like adventure. It happens in a pretty place in Turkey where you can see nice views of the ocean, trees, and mountains. You don&#8217;t need to have done it before, as the pilots will tell you what to do and make sure you are safe. You will fly with people who know how to do it and have a license. The flight can take between 20 and 30 minutes, depending on the wind and weather. You will be attached to a big paraglider, so you don&#8217;t need to worry about safety or anything else. The package includes transport, good equipment, and pictures and videos to remember the day. In summary, Paragliding Fethiye is something great to try if you are in the area.<\/p>\t\t\t\t\t\t\t\t<\/div>\n\t\t\t\t<\/div>\n\t\t\t\t<div class=\"elementor-element elementor-element-8049eec elementor-widget elementor-widget-html\" data-id=\"8049eec\" data-element_type=\"widget\" data-e-type=\"widget\" data-widget_type=\"html.default\">\n\t\t\t\t<div class=\"elementor-widget-container\">\n\t\t\t\t\t<!--\r\n<iframe id=\"appointy-iframe\" class=\"no-border\" src=\"https:\/\/booking.appointy.com\/bybr?isgadget=1&amp;autoheight=1\" scrolling=\"no\" width=\"100%\" frameborder=\"0\"><\/iframe>\r\n<script>\r\n    (function() {\r\n        const ifrm = document.getElementById(\"appointy-iframe\");\r\n        window.addEventListener(\"message\", function (e) {\r\n            const d = e.data || {};\r\n            if (d.type === \"height\"){\r\n                ifrm.style.height = d.data + \"px\";\r\n            }\r\n            if (d.type === \"scroll\") {\r\n                ifrm.scrollIntoView();\r\n            }\r\n        });\r\n    })();\r\n<\/script>\r\n\r\n-->\t\t\t\t<\/div>\n\t\t\t\t<\/div>\n\t\t\t\t\t<\/div>\n\t\t<\/div>\n\t\t\t\t\t<\/div>\n\t\t<\/section>\n\t\t\t\t<div class=\"elementor-element elementor-element-cce0435 elementor-widget elementor-widget-text-editor\" data-id=\"cce0435\" data-element_type=\"widget\" data-e-type=\"widget\" data-widget_type=\"text-editor.default\">\n\t\t\t\t<div class=\"elementor-widget-container\">\n\t\t\t\t\t\t\t\t\t<p>Yama\u00e7 Para\u015f\u00fct\u00fc Fethiye, maceray\u0131 sevenler i\u00e7in e\u011flenceli bir outdoor aktivitedir. T\u00fcrkiye&#8217;de Akdeniz&#8217;in, a\u011fa\u00e7lar\u0131n ve da\u011flar\u0131n g\u00fczel manzaralar\u0131n\u0131 g\u00f6rebilece\u011finiz g\u00fczel bir yerde ger\u00e7ekle\u015fir. Pilotlar size ne yapman\u0131z gerekti\u011fini s\u00f6yleyece\u011fi ve g\u00fcvende oldu\u011funuzdan emin olaca\u011f\u0131n\u0131z i\u00e7in bunu daha \u00f6nce yapm\u0131\u015f olman\u0131za gerek yok. \u0130\u015fini bilen ve ehliyet sahibi ki\u015filerle u\u00e7acaks\u0131n\u0131z. U\u00e7u\u015f, r\u00fczgar ve hava durumuna ba\u011fl\u0131 olarak 20 ila 30 dakika aras\u0131nda s\u00fcrebilir. Bu aktivite ,\u00a0 ula\u015f\u0131m, iyi ekipman ve opsiyonel olarak resim ve videolar\u0131 i\u00e7erir. \u00d6zetle Fethiye Yama\u00e7 Para\u015f\u00fct\u00fc, b\u00f6lgedeyseniz denemek i\u00e7in harika bir aktivitedir.<\/p>\t\t\t\t\t\t\t\t<\/div>\n\t\t\t\t<\/div>\n\t\t\t\t\t<\/div>\n\t\t<\/div>\n\t\t\t\t\t<\/div>\n\t\t<\/section>\n\t\t\t\t<\/div>\n\t\t","protected":false},"excerpt":{"rendered":"<p>Fethiye Yama\u00e7 Para\u015f\u00fct\u00fc Yerinizi ay\u0131rt\u0131n! Yama\u00e7 Para\u015f\u00fct\u00fc Bileti Takvimden \u00f6n rezervasyonu yap\u0131n. 24 saat i\u00e7inde depozitoyu \u00f6dedi\u011finiz takdirde onaylanacak ve size biletiniz email olarak g\u00f6nderilecektir. Foto\u011fraf ve videolar bilete dahil de\u011fildir. U\u00e7u\u015ftan sonra pilotunuzdan sat\u0131n alabilirsiniz. \u00dccreti: 30 USD. Teleferikle \u00e7\u0131kmak : Ekstra 180 TL. Transfer arac\u0131m\u0131zla sedir a\u011fa\u00e7lar\u0131n\u0131n aras\u0131ndan \u00e7\u0131kmak: Fiyata dahil. \u015eimdiden bol [&hellip;]<\/p>\n","protected":false},"author":2,"featured_media":0,"parent":0,"menu_order":0,"comment_status":"closed","ping_status":"closed","template":"","meta":{"site-sidebar-layout":"no-sidebar","site-content-layout":"page-builder","ast-site-content-layout":"default","site-content-style":"default","site-sidebar-style":"default","ast-global-header-display":"","ast-banner-title-visibility":"","ast-main-header-display":"","ast-hfb-above-header-display":"","ast-hfb-below-header-display":"","ast-hfb-mobile-header-display":"","site-post-title":"disabled","ast-breadcrumbs-content":"","ast-featured-img":"disabled","footer-sml-layout":"","ast-disable-related-posts":"","theme-transparent-header-meta":"default","adv-header-id-meta":"","stick-header-meta":"default","header-above-stick-meta":"","header-main-stick-meta":"","header-below-stick-meta":"","astra-migrate-meta-layouts":"default","ast-page-background-enabled":"default","ast-page-background-meta":{"desktop":{"background-color":"","background-image":"","background-repeat":"repeat","background-position":"center center","background-size":"auto","background-attachment":"scroll","background-type":"","background-media":"","overlay-type":"","overlay-color":"","overlay-opacity":"","overlay-gradient":""},"tablet":{"background-color":"","background-image":"","background-repeat":"repeat","background-position":"center center","background-size":"auto","background-attachment":"scroll","background-type":"","background-media":"","overlay-type":"","overlay-color":"","overlay-opacity":"","overlay-gradient":""},"mobile":{"background-color":"","background-image":"","background-repeat":"repeat","background-position":"center center","background-size":"auto","background-attachment":"scroll","background-type":"","background-media":"","overlay-type":"","overlay-color":"","overlay-opacity":"","overlay-gradient":""}},"ast-content-background-meta":{"desktop":{"background-color":"var(--ast-global-color-5)","background-image":"","background-repeat":"repeat","background-position":"center center","background-size":"auto","background-attachment":"scroll","background-type":"","background-media":"","overlay-type":"","overlay-color":"","overlay-opacity":"","overlay-gradient":""},"tablet":{"background-color":"var(--ast-global-color-5)","background-image":"","background-repeat":"repeat","background-position":"center center","background-size":"auto","background-attachment":"scroll","background-type":"","background-media":"","overlay-type":"","overlay-color":"","overlay-opacity":"","overlay-gradient":""},"mobile":{"background-color":"var(--ast-global-color-5)","background-image":"","background-repeat":"repeat","background-position":"center center","background-size":"auto","background-attachment":"scroll","background-type":"","background-media":"","overlay-type":"","overlay-color":"","overlay-opacity":"","overlay-gradient":""}},"footnotes":""},"class_list":["post-2371","page","type-page","status-publish","hentry"],"aioseo_notices":[],"_links":{"self":[{"href":"https:\/\/likyatravel.com.tr\/tr\/wp-json\/wp\/v2\/pages\/2371","targetHints":{"allow":["GET"]}}],"collection":[{"href":"https:\/\/likyatravel.com.tr\/tr\/wp-json\/wp\/v2\/pages"}],"about":[{"href":"https:\/\/likyatravel.com.tr\/tr\/wp-json\/wp\/v2\/types\/page"}],"author":[{"embeddable":true,"href":"https:\/\/likyatravel.com.tr\/tr\/wp-json\/wp\/v2\/users\/2"}],"replies":[{"embeddable":true,"href":"https:\/\/likyatravel.com.tr\/tr\/wp-json\/wp\/v2\/comments?post=2371"}],"version-history":[{"count":0,"href":"https:\/\/likyatravel.com.tr\/tr\/wp-json\/wp\/v2\/pages\/2371\/revisions"}],"wp:attachment":[{"href":"https:\/\/likyatravel.com.tr\/tr\/wp-json\/wp\/v2\/media?parent=2371"}],"curies":[{"name":"wp","href":"https:\/\/api.w.org\/{rel}","templated":true}]}}