{"id":1303,"date":"2021-06-20T16:50:34","date_gmt":"2021-06-20T16:50:34","guid":{"rendered":"http:\/\/likyatravel.com.tr\/?page_id=1303"},"modified":"2023-01-06T19:41:32","modified_gmt":"2023-01-06T19:41:32","slug":"sosyal","status":"publish","type":"page","link":"https:\/\/likyatravel.com.tr\/tr\/sosyal\/","title":{"rendered":"Sosyalite ve Yorumlar"},"content":{"rendered":"\t\t<div data-elementor-type=\"wp-page\" data-elementor-id=\"1303\" class=\"elementor elementor-1303\">\n\t\t\t\t\t\t<section class=\"elementor-section elementor-top-section elementor-element elementor-element-f5y5meg elementor-section-content-middle elementor-section-boxed elementor-section-height-default elementor-section-height-default\" data-id=\"f5y5meg\" data-element_type=\"section\" data-e-type=\"section\" data-settings=\"{&quot;background_background&quot;:&quot;classic&quot;}\">\n\t\t\t\t\t\t<div class=\"elementor-container elementor-column-gap-default\">\n\t\t\t\t\t<div class=\"elementor-column elementor-col-100 elementor-top-column elementor-element elementor-element-532eb909\" data-id=\"532eb909\" data-element_type=\"column\" data-e-type=\"column\">\n\t\t\t<div class=\"elementor-widget-wrap elementor-element-populated\">\n\t\t\t\t\t\t<section class=\"elementor-section elementor-inner-section elementor-element elementor-element-49806a8a elementor-section-full_width elementor-section-height-default elementor-section-height-default\" data-id=\"49806a8a\" data-element_type=\"section\" data-e-type=\"section\">\n\t\t\t\t\t\t<div class=\"elementor-container elementor-column-gap-default\">\n\t\t\t\t\t<div class=\"elementor-column elementor-col-100 elementor-inner-column elementor-element elementor-element-edbcb56\" data-id=\"edbcb56\" data-element_type=\"column\" data-e-type=\"column\">\n\t\t\t<div class=\"elementor-widget-wrap elementor-element-populated\">\n\t\t\t\t\t\t<div class=\"elementor-element elementor-element-36b43d4e elementor-widget elementor-widget-heading\" data-id=\"36b43d4e\" data-element_type=\"widget\" data-e-type=\"widget\" data-widget_type=\"heading.default\">\n\t\t\t\t<div class=\"elementor-widget-container\">\n\t\t\t\t\t<h2 class=\"elementor-heading-title elementor-size-default\">U\u00e7mak Keyifli Miydi?<\/h2>\t\t\t\t<\/div>\n\t\t\t\t<\/div>\n\t\t\t\t<div class=\"elementor-element elementor-element-f6943a6 elementor-widget-divider--view-line elementor-widget elementor-widget-divider\" data-id=\"f6943a6\" data-element_type=\"widget\" data-e-type=\"widget\" data-widget_type=\"divider.default\">\n\t\t\t\t<div class=\"elementor-widget-container\">\n\t\t\t\t\t\t\t<div class=\"elementor-divider\">\n\t\t\t<span class=\"elementor-divider-separator\">\n\t\t\t\t\t\t<\/span>\n\t\t<\/div>\n\t\t\t\t\t\t<\/div>\n\t\t\t\t<\/div>\n\t\t\t\t<div class=\"elementor-element elementor-element-6b8f481 elementor-widget elementor-widget-button\" data-id=\"6b8f481\" data-element_type=\"widget\" data-e-type=\"widget\" data-widget_type=\"button.default\">\n\t\t\t\t<div class=\"elementor-widget-container\">\n\t\t\t\t\t\t\t\t\t<div class=\"elementor-button-wrapper\">\n\t\t\t\t\t<a class=\"elementor-button elementor-button-link elementor-size-sm\" href=\"\/\">\n\t\t\t\t\t\t<span class=\"elementor-button-content-wrapper\">\n\t\t\t\t\t\t<span class=\"elementor-button-icon\">\n\t\t\t\t<i aria-hidden=\"true\" class=\"fas fa-home\"><\/i>\t\t\t<\/span>\n\t\t\t\t\t\t\t\t\t<span class=\"elementor-button-text\">Anasayfa<\/span>\n\t\t\t\t\t<\/span>\n\t\t\t\t\t<\/a>\n\t\t\t\t<\/div>\n\t\t\t\t\t\t\t\t<\/div>\n\t\t\t\t<\/div>\n\t\t\t\t<div class=\"elementor-element elementor-element-0267f53 elementor-widget elementor-widget-wpml-language-switcher\" data-id=\"0267f53\" data-element_type=\"widget\" data-e-type=\"widget\" data-widget_type=\"wpml-language-switcher.default\">\n\t\t\t\t<div class=\"elementor-widget-container\">\n\t\t\t\t\t<div class=\"wpml-elementor-ls\">\n<div role=\"navigation\" aria-label=\"Language Switcher\" class=\"wpml-ls-statics-shortcode_actions wpml-ls wpml-ls-legacy-list-horizontal\">\n\t<ul><li class=\"wpml-ls-slot-shortcode_actions wpml-ls-item wpml-ls-item-tr wpml-ls-current-language wpml-ls-first-item wpml-ls-item-legacy-list-horizontal\">\n\t\t\t\t<a href=\"https:\/\/likyatravel.com.tr\/tr\/\" hreflang=\"tr\" lang=\"tr\" class=\"wpml-ls-link\" aria-current=\"page\" aria-label=\"Switch to T\u00fcrk\u00e7e\" title=\"Switch to T\u00fcrk\u00e7e\">\n\t\t\t\t\t                                    <img decoding=\"async\"\n            class=\"wpml-ls-flag\"\n            src=\"https:\/\/likyatravel.com.tr\/wp-content\/plugins\/sitepress-multilingual-cms\/res\/flags\/tr.png\"\n            alt=\"\"\n            loading=\"lazy\"\n            width=18\n            height=12\n    \/><span class=\"wpml-ls-native\">T\u00fcrk\u00e7e<\/span><\/a>\n\t\t\t<\/li><li class=\"wpml-ls-slot-shortcode_actions wpml-ls-item wpml-ls-item-en wpml-ls-item-legacy-list-horizontal\">\n\t\t\t\t<a href=\"https:\/\/likyatravel.com.tr\/\" hreflang=\"en\" lang=\"en\" class=\"wpml-ls-link\" aria-label=\"Switch to English\" title=\"Switch to English\">\n\t\t\t\t\t                                    <img decoding=\"async\"\n            class=\"wpml-ls-flag\"\n            src=\"https:\/\/likyatravel.com.tr\/wp-content\/plugins\/sitepress-multilingual-cms\/res\/flags\/en.png\"\n            alt=\"\"\n            loading=\"lazy\"\n            width=18\n            height=12\n    \/><span class=\"wpml-ls-native\">English<\/span><\/a>\n\t\t\t<\/li><li class=\"wpml-ls-slot-shortcode_actions wpml-ls-item wpml-ls-item-ru wpml-ls-item-legacy-list-horizontal\">\n\t\t\t\t<a href=\"https:\/\/likyatravel.com.tr\/ru\/\" hreflang=\"ru\" lang=\"ru\" class=\"wpml-ls-link\" aria-label=\"Switch to \u0420\u0443\u0441\u0441\u043a\u0438\u0439\" title=\"Switch to \u0420\u0443\u0441\u0441\u043a\u0438\u0439\">\n\t\t\t\t\t                                    <img decoding=\"async\"\n            class=\"wpml-ls-flag\"\n            src=\"https:\/\/likyatravel.com.tr\/wp-content\/plugins\/sitepress-multilingual-cms\/res\/flags\/ru.png\"\n            alt=\"\"\n            loading=\"lazy\"\n            width=18\n            height=12\n    \/><span class=\"wpml-ls-native\">\u0420\u0443\u0441\u0441\u043a\u0438\u0439<\/span><\/a>\n\t\t\t<\/li><li class=\"wpml-ls-slot-shortcode_actions wpml-ls-item wpml-ls-item-ar wpml-ls-item-legacy-list-horizontal\">\n\t\t\t\t<a href=\"https:\/\/likyatravel.com.tr\/ar\/\" hreflang=\"ar\" lang=\"ar\" class=\"wpml-ls-link\" aria-label=\"Switch to \u0627\u0644\u0639\u0631\u0628\u064a\u0629\" title=\"Switch to \u0627\u0644\u0639\u0631\u0628\u064a\u0629\">\n\t\t\t\t\t                                    <img decoding=\"async\"\n            class=\"wpml-ls-flag\"\n            src=\"https:\/\/likyatravel.com.tr\/wp-content\/plugins\/sitepress-multilingual-cms\/res\/flags\/ar.png\"\n            alt=\"\"\n            loading=\"lazy\"\n            width=18\n            height=12\n    \/><span class=\"wpml-ls-native\">\u0627\u0644\u0639\u0631\u0628\u064a\u0629<\/span><\/a>\n\t\t\t<\/li><li class=\"wpml-ls-slot-shortcode_actions wpml-ls-item wpml-ls-item-zh-hans wpml-ls-last-item wpml-ls-item-legacy-list-horizontal\">\n\t\t\t\t<a href=\"https:\/\/likyatravel.com.tr\/zh-hans\/\" hreflang=\"zh-hans\" lang=\"zh-hans\" class=\"wpml-ls-link\" aria-label=\"Switch to \u7b80\u4f53\u4e2d\u6587\" title=\"Switch to \u7b80\u4f53\u4e2d\u6587\">\n\t\t\t\t\t                                    <img decoding=\"async\"\n            class=\"wpml-ls-flag\"\n            src=\"https:\/\/likyatravel.com.tr\/wp-content\/plugins\/sitepress-multilingual-cms\/res\/flags\/zh.png\"\n            alt=\"\"\n            loading=\"lazy\"\n            width=18\n            height=12\n    \/><span class=\"wpml-ls-native\">\u7b80\u4f53\u4e2d\u6587<\/span><\/a>\n\t\t\t<\/li><\/ul>\n<\/div>\n<\/div>\t\t\t\t<\/div>\n\t\t\t\t<\/div>\n\t\t\t\t<div class=\"elementor-element elementor-element-38e34a2 elementor-widget elementor-widget-spacer\" data-id=\"38e34a2\" data-element_type=\"widget\" data-e-type=\"widget\" data-widget_type=\"spacer.default\">\n\t\t\t\t<div class=\"elementor-widget-container\">\n\t\t\t\t\t\t\t<div class=\"elementor-spacer\">\n\t\t\t<div class=\"elementor-spacer-inner\"><\/div>\n\t\t<\/div>\n\t\t\t\t\t\t<\/div>\n\t\t\t\t<\/div>\n\t\t\t\t\t<\/div>\n\t\t<\/div>\n\t\t\t\t\t<\/div>\n\t\t<\/section>\n\t\t\t\t<section class=\"elementor-section elementor-inner-section elementor-element elementor-element-58925fed elementor-section-boxed elementor-section-height-default elementor-section-height-default\" data-id=\"58925fed\" data-element_type=\"section\" data-e-type=\"section\" data-settings=\"{&quot;background_background&quot;:&quot;classic&quot;}\">\n\t\t\t\t\t\t\t<div class=\"elementor-background-overlay\"><\/div>\n\t\t\t\t\t\t\t<div class=\"elementor-container elementor-column-gap-default\">\n\t\t\t\t\t<div class=\"elementor-column elementor-col-50 elementor-inner-column elementor-element elementor-element-7d4bbf6\" data-id=\"7d4bbf6\" data-element_type=\"column\" data-e-type=\"column\">\n\t\t\t<div class=\"elementor-widget-wrap elementor-element-populated\">\n\t\t\t\t\t\t<div class=\"elementor-element elementor-element-9e6f260 elementor-widget elementor-widget-heading\" data-id=\"9e6f260\" data-element_type=\"widget\" data-e-type=\"widget\" data-widget_type=\"heading.default\">\n\t\t\t\t<div class=\"elementor-widget-container\">\n\t\t\t\t\t<h4 class=\"elementor-heading-title elementor-size-default\">Likya Travel sunar:<\/h4>\t\t\t\t<\/div>\n\t\t\t\t<\/div>\n\t\t\t\t<div class=\"elementor-element elementor-element-04d8152 elementor-widget elementor-widget-heading\" data-id=\"04d8152\" data-element_type=\"widget\" data-e-type=\"widget\" data-widget_type=\"heading.default\">\n\t\t\t\t<div class=\"elementor-widget-container\">\n\t\t\t\t\t<h2 class=\"elementor-heading-title elementor-size-default\">Yama\u00e7 Para\u015f\u00fct\u00fc<\/h2>\t\t\t\t<\/div>\n\t\t\t\t<\/div>\n\t\t\t\t<div class=\"elementor-element elementor-element-5194999 elementor-widget elementor-widget-text-editor\" data-id=\"5194999\" data-element_type=\"widget\" data-e-type=\"widget\" data-widget_type=\"text-editor.default\">\n\t\t\t\t<div class=\"elementor-widget-container\">\n\t\t\t\t\t\t\t\t\t<p>D\u00fcnyam\u0131za cesaretinizle ad\u0131m att\u0131\u011f\u0131n\u0131z i\u00e7in te\u015fekk\u00fcr ederiz. Bu \u00f6zel sayfam\u0131zda etkile\u015fimde bulunman\u0131z bizi \u00e7ok mutlu k\u0131lacakt\u0131r. Farkl\u0131 ortamlarda yorum yapabilir, foto\u011fraf payla\u015fabilirsiniz. B\u00fcltenimize kat\u0131larak bizden haber al\u0131p indirim kuponlar\u0131m\u0131za ula\u015fabileceksiniz.<\/p>\t\t\t\t\t\t\t\t<\/div>\n\t\t\t\t<\/div>\n\t\t\t\t<div class=\"elementor-element elementor-element-035f777 elementor-widget elementor-widget-heading\" data-id=\"035f777\" data-element_type=\"widget\" data-e-type=\"widget\" data-widget_type=\"heading.default\">\n\t\t\t\t<div class=\"elementor-widget-container\">\n\t\t\t\t\t<h6 class=\"elementor-heading-title elementor-size-default\">\u0130ndirimlerden haberdar olmaya ne dersiniz?<\/h6>\t\t\t\t<\/div>\n\t\t\t\t<\/div>\n\t\t\t\t<div class=\"elementor-element elementor-element-9a76257 elementor-align-left elementor-tablet-align-left elementor-mobile-align-left elementor-widget elementor-widget-button\" data-id=\"9a76257\" data-element_type=\"widget\" data-e-type=\"widget\" data-widget_type=\"button.default\">\n\t\t\t\t<div class=\"elementor-widget-container\">\n\t\t\t\t\t\t\t\t\t<div class=\"elementor-button-wrapper\">\n\t\t\t\t\t<a class=\"elementor-button elementor-button-link elementor-size-sm\" href=\"#8\">\n\t\t\t\t\t\t<span class=\"elementor-button-content-wrapper\">\n\t\t\t\t\t\t\t\t\t<span class=\"elementor-button-text\">E-B\u00fclten Kayd\u0131<\/span>\n\t\t\t\t\t<\/span>\n\t\t\t\t\t<\/a>\n\t\t\t\t<\/div>\n\t\t\t\t\t\t\t\t<\/div>\n\t\t\t\t<\/div>\n\t\t\t\t\t<\/div>\n\t\t<\/div>\n\t\t\t\t<div class=\"elementor-column elementor-col-50 elementor-inner-column elementor-element elementor-element-e16e142\" data-id=\"e16e142\" data-element_type=\"column\" data-e-type=\"column\">\n\t\t\t<div class=\"elementor-widget-wrap\">\n\t\t\t\t\t\t\t<\/div>\n\t\t<\/div>\n\t\t\t\t\t<\/div>\n\t\t<\/section>\n\t\t\t\t<section class=\"elementor-section elementor-inner-section elementor-element elementor-element-64a5d7df elementor-section-boxed elementor-section-height-default elementor-section-height-default\" data-id=\"64a5d7df\" data-element_type=\"section\" data-e-type=\"section\">\n\t\t\t\t\t\t<div class=\"elementor-container elementor-column-gap-default\">\n\t\t\t\t\t<div class=\"elementor-column elementor-col-25 elementor-inner-column elementor-element elementor-element-22533a71\" data-id=\"22533a71\" data-element_type=\"column\" data-e-type=\"column\">\n\t\t\t<div class=\"elementor-widget-wrap elementor-element-populated\">\n\t\t\t\t\t\t<div class=\"elementor-element elementor-element-6273c42b elementor-position-top elementor-widget elementor-widget-image-box\" data-id=\"6273c42b\" data-element_type=\"widget\" data-e-type=\"widget\" data-widget_type=\"image-box.default\">\n\t\t\t\t<div class=\"elementor-widget-container\">\n\t\t\t\t\t<div class=\"elementor-image-box-wrapper\"><figure class=\"elementor-image-box-img\"><a href=\"https:\/\/g.page\/r\/CUM3aOEw3UzCEBM\/review\" target=\"_blank\" tabindex=\"-1\"><img decoding=\"async\" width=\"150\" height=\"150\" src=\"https:\/\/likyatravel.com.tr\/wp-content\/uploads\/2021\/06\/logo-google-google-search-1991840-150x150.png\" class=\"attachment-thumbnail size-thumbnail wp-image-1477\" alt=\"logo google, google, search-1991840.jpg\" srcset=\"https:\/\/likyatravel.com.tr\/wp-content\/uploads\/2021\/06\/logo-google-google-search-1991840-150x150.png 150w, https:\/\/likyatravel.com.tr\/wp-content\/uploads\/2021\/06\/logo-google-google-search-1991840-300x300.png 300w, https:\/\/likyatravel.com.tr\/wp-content\/uploads\/2021\/06\/logo-google-google-search-1991840-1024x1024.png 1024w, https:\/\/likyatravel.com.tr\/wp-content\/uploads\/2021\/06\/logo-google-google-search-1991840-768x768.png 768w, https:\/\/likyatravel.com.tr\/wp-content\/uploads\/2021\/06\/logo-google-google-search-1991840-600x600.png 600w, https:\/\/likyatravel.com.tr\/wp-content\/uploads\/2021\/06\/logo-google-google-search-1991840-100x100.png 100w, https:\/\/likyatravel.com.tr\/wp-content\/uploads\/2021\/06\/logo-google-google-search-1991840.png 1280w\" sizes=\"(max-width: 150px) 100vw, 150px\" \/><\/a><\/figure><div class=\"elementor-image-box-content\"><h5 class=\"elementor-image-box-title\"><a href=\"https:\/\/g.page\/r\/CUM3aOEw3UzCEBM\/review\" target=\"_blank\">Goggle Yorumlar\u0131<\/a><\/h5><p class=\"elementor-image-box-description\">Google yorumlara bizden bahsedin. \u0130yi bir hizmet sonras\u0131 yorgunlu\u011fumuza iyi gelen en g\u00fczel \u015fey. Te\u015fekk\u00fcrler.<\/p><\/div><\/div>\t\t\t\t<\/div>\n\t\t\t\t<\/div>\n\t\t\t\t\t<\/div>\n\t\t<\/div>\n\t\t\t\t<div class=\"elementor-column elementor-col-25 elementor-inner-column elementor-element elementor-element-7f174809\" data-id=\"7f174809\" data-element_type=\"column\" data-e-type=\"column\">\n\t\t\t<div class=\"elementor-widget-wrap elementor-element-populated\">\n\t\t\t\t\t\t<div class=\"elementor-element elementor-element-33d5fff3 elementor-position-top elementor-widget elementor-widget-image-box\" data-id=\"33d5fff3\" data-element_type=\"widget\" data-e-type=\"widget\" data-widget_type=\"image-box.default\">\n\t\t\t\t<div class=\"elementor-widget-container\">\n\t\t\t\t\t<div class=\"elementor-image-box-wrapper\"><figure class=\"elementor-image-box-img\"><a href=\"https:\/\/www.tripadvisor.com.tr\/Attraction_Review-g609057-d20123206-Reviews-Likya_Travel-Ovacik_Oludeniz_Mugla_Province_Turkish_Aegean_Coast.html\" target=\"_blank\" tabindex=\"-1\"><img decoding=\"async\" width=\"150\" height=\"150\" src=\"https:\/\/likyatravel.com.tr\/wp-content\/uploads\/2021\/06\/trip-2-150x150.png\" class=\"attachment-thumbnail size-thumbnail wp-image-1505\" alt=\"\" srcset=\"https:\/\/likyatravel.com.tr\/wp-content\/uploads\/2021\/06\/trip-2-150x150.png 150w, https:\/\/likyatravel.com.tr\/wp-content\/uploads\/2021\/06\/trip-2-300x300.png 300w, https:\/\/likyatravel.com.tr\/wp-content\/uploads\/2021\/06\/trip-2-100x100.png 100w, https:\/\/likyatravel.com.tr\/wp-content\/uploads\/2021\/06\/trip-2.png 512w\" sizes=\"(max-width: 150px) 100vw, 150px\" \/><\/a><\/figure><div class=\"elementor-image-box-content\"><h5 class=\"elementor-image-box-title\"><a href=\"https:\/\/www.tripadvisor.com.tr\/Attraction_Review-g609057-d20123206-Reviews-Likya_Travel-Ovacik_Oludeniz_Mugla_Province_Turkish_Aegean_Coast.html\" target=\"_blank\">TripAdvisor<\/a><\/h5><p class=\"elementor-image-box-description\">D\u00fcnyaya yama\u00e7 para\u015f\u00fct\u00fc yapt\u0131\u011f\u0131n\u0131z\u0131 hayk\u0131r\u0131n. Olumlu yorumlar i\u00e7in \u015fimdiden te\u015fekk\u00fcrler.<\/p><\/div><\/div>\t\t\t\t<\/div>\n\t\t\t\t<\/div>\n\t\t\t\t\t<\/div>\n\t\t<\/div>\n\t\t\t\t<div class=\"elementor-column elementor-col-25 elementor-inner-column elementor-element elementor-element-15f8e79d\" data-id=\"15f8e79d\" data-element_type=\"column\" data-e-type=\"column\">\n\t\t\t<div class=\"elementor-widget-wrap elementor-element-populated\">\n\t\t\t\t\t\t<div class=\"elementor-element elementor-element-6f13cd14 elementor-position-top elementor-widget elementor-widget-image-box\" data-id=\"6f13cd14\" data-element_type=\"widget\" data-e-type=\"widget\" data-widget_type=\"image-box.default\">\n\t\t\t\t<div class=\"elementor-widget-container\">\n\t\t\t\t\t<div class=\"elementor-image-box-wrapper\"><figure class=\"elementor-image-box-img\"><a href=\"https:\/\/www.instagram.com\/likyatravel\/\" target=\"_blank\" tabindex=\"-1\"><img decoding=\"async\" width=\"150\" height=\"150\" src=\"https:\/\/likyatravel.com.tr\/wp-content\/uploads\/2021\/06\/instagram-symbol-logo-1581266-150x150.jpg\" class=\"attachment-thumbnail size-thumbnail wp-image-2240\" alt=\"instagram, symbol, logo-1581266.jpg\" srcset=\"https:\/\/likyatravel.com.tr\/wp-content\/uploads\/2021\/06\/instagram-symbol-logo-1581266-150x150.jpg 150w, https:\/\/likyatravel.com.tr\/wp-content\/uploads\/2021\/06\/instagram-symbol-logo-1581266-300x300.jpg 300w, https:\/\/likyatravel.com.tr\/wp-content\/uploads\/2021\/06\/instagram-symbol-logo-1581266-1024x1016.jpg 1024w, https:\/\/likyatravel.com.tr\/wp-content\/uploads\/2021\/06\/instagram-symbol-logo-1581266-768x762.jpg 768w, https:\/\/likyatravel.com.tr\/wp-content\/uploads\/2021\/06\/instagram-symbol-logo-1581266-600x595.jpg 600w, https:\/\/likyatravel.com.tr\/wp-content\/uploads\/2021\/06\/instagram-symbol-logo-1581266-100x100.jpg 100w, https:\/\/likyatravel.com.tr\/wp-content\/uploads\/2021\/06\/instagram-symbol-logo-1581266.jpg 1280w\" sizes=\"(max-width: 150px) 100vw, 150px\" \/><\/a><\/figure><div class=\"elementor-image-box-content\"><h5 class=\"elementor-image-box-title\"><a href=\"https:\/\/www.instagram.com\/likyatravel\/\" target=\"_blank\">\u0130nstagram<\/a><\/h5><p class=\"elementor-image-box-description\">Birka\u00e7 g\u00fczel foto\u011fraf\u0131 \u0130nstagram'da yay\u0131nlamaktan zarar gelmez. Hatta hediye kazanmak da cabas\u0131.<\/p><\/div><\/div>\t\t\t\t<\/div>\n\t\t\t\t<\/div>\n\t\t\t\t\t<\/div>\n\t\t<\/div>\n\t\t\t\t<div class=\"elementor-column elementor-col-25 elementor-inner-column elementor-element elementor-element-64309c0a\" data-id=\"64309c0a\" data-element_type=\"column\" data-e-type=\"column\">\n\t\t\t<div class=\"elementor-widget-wrap elementor-element-populated\">\n\t\t\t\t\t\t<div class=\"elementor-element elementor-element-2627ef51 elementor-position-top elementor-widget elementor-widget-image-box\" data-id=\"2627ef51\" data-element_type=\"widget\" data-e-type=\"widget\" data-widget_type=\"image-box.default\">\n\t\t\t\t<div class=\"elementor-widget-container\">\n\t\t\t\t\t<div class=\"elementor-image-box-wrapper\"><figure class=\"elementor-image-box-img\"><img loading=\"lazy\" decoding=\"async\" width=\"150\" height=\"150\" src=\"https:\/\/likyatravel.com.tr\/wp-content\/uploads\/2021\/06\/youtube-logo-graphic-1837872-150x150.png\" class=\"attachment-thumbnail size-thumbnail wp-image-2231\" alt=\"youtube, logo, graphic-1837872.jpg\" srcset=\"https:\/\/likyatravel.com.tr\/wp-content\/uploads\/2021\/06\/youtube-logo-graphic-1837872-150x150.png 150w, https:\/\/likyatravel.com.tr\/wp-content\/uploads\/2021\/06\/youtube-logo-graphic-1837872-300x300.png 300w, https:\/\/likyatravel.com.tr\/wp-content\/uploads\/2021\/06\/youtube-logo-graphic-1837872-100x100.png 100w\" sizes=\"(max-width: 150px) 100vw, 150px\" \/><\/figure><div class=\"elementor-image-box-content\"><h5 class=\"elementor-image-box-title\">Youtube <\/h5><p class=\"elementor-image-box-description\">Pek Yak\u0131nda!<\/p><\/div><\/div>\t\t\t\t<\/div>\n\t\t\t\t<\/div>\n\t\t\t\t\t<\/div>\n\t\t<\/div>\n\t\t\t\t\t<\/div>\n\t\t<\/section>\n\t\t\t\t\t<\/div>\n\t\t<\/div>\n\t\t\t\t\t<\/div>\n\t\t<\/section>\n\t\t\t\t<section class=\"elementor-section elementor-top-section elementor-element elementor-element-665c5ea elementor-section-boxed elementor-section-height-default elementor-section-height-default\" data-id=\"665c5ea\" data-element_type=\"section\" data-e-type=\"section\">\n\t\t\t\t\t\t<div class=\"elementor-container elementor-column-gap-default\">\n\t\t\t\t\t<div class=\"elementor-column elementor-col-100 elementor-top-column elementor-element elementor-element-9351090\" data-id=\"9351090\" data-element_type=\"column\" data-e-type=\"column\">\n\t\t\t<div class=\"elementor-widget-wrap elementor-element-populated\">\n\t\t\t\t\t\t<div class=\"elementor-element elementor-element-81d4826 elementor-widget elementor-widget-heading\" data-id=\"81d4826\" data-element_type=\"widget\" data-e-type=\"widget\" data-widget_type=\"heading.default\">\n\t\t\t\t<div class=\"elementor-widget-container\">\n\t\t\t\t\t<h2 class=\"elementor-heading-title elementor-size-default\">Fethiye Yama\u00e7 Para\u015f\u00fct\u00fc Yorumlar<\/h2>\t\t\t\t<\/div>\n\t\t\t\t<\/div>\n\t\t\t\t<div class=\"elementor-element elementor-element-3ed8333 elementor-widget elementor-widget-text-editor\" data-id=\"3ed8333\" data-element_type=\"widget\" data-e-type=\"widget\" data-widget_type=\"text-editor.default\">\n\t\t\t\t<div class=\"elementor-widget-container\">\n\t\t\t\t\t\t\t\t\t<p>T\u00fcm m\u00fc\u015fterilerimize firmam\u0131z hakk\u0131nda yapt\u0131klar\u0131 <strong>Fethiye \u00d6l\u00fcdeniz yama\u00e7 para\u015f\u00fct\u00fc yorumlar\u0131<\/strong> i\u00e7in\u00a0 te\u015fekk\u00fcr ederiz.<\/p>\t\t\t\t\t\t\t\t<\/div>\n\t\t\t\t<\/div>\n\t\t\t\t<div class=\"elementor-element elementor-element-1607d09 elementor-widget elementor-widget-menu-anchor\" data-id=\"1607d09\" data-element_type=\"widget\" data-e-type=\"widget\" data-widget_type=\"menu-anchor.default\">\n\t\t\t\t<div class=\"elementor-widget-container\">\n\t\t\t\t\t\t\t<div class=\"elementor-menu-anchor\" id=\"8\"><\/div>\n\t\t\t\t\t\t<\/div>\n\t\t\t\t<\/div>\n\t\t\t\t\t<\/div>\n\t\t<\/div>\n\t\t\t\t\t<\/div>\n\t\t<\/section>\n\t\t\t\t<\/div>\n\t\t","protected":false},"excerpt":{"rendered":"<p>U\u00e7mak Keyifli Miydi? Anasayfa English T\u00fcrk\u00e7e \u0420\u0443\u0441\u0441\u043a\u0438\u0439 \u0627\u0644\u0639\u0631\u0628\u064a\u0629 \u7b80\u4f53\u4e2d\u6587 Likya Travel sunar: Yama\u00e7 Para\u015f\u00fct\u00fc D\u00fcnyam\u0131za cesaretinizle ad\u0131m att\u0131\u011f\u0131n\u0131z i\u00e7in te\u015fekk\u00fcr ederiz. Bu \u00f6zel sayfam\u0131zda etkile\u015fimde bulunman\u0131z bizi \u00e7ok mutlu k\u0131lacakt\u0131r. Farkl\u0131 ortamlarda yorum yapabilir, foto\u011fraf payla\u015fabilirsiniz. B\u00fcltenimize kat\u0131larak bizden haber al\u0131p indirim kuponlar\u0131m\u0131za ula\u015fabileceksiniz. \u0130ndirimlerden haberdar olmaya ne dersiniz? E-B\u00fclten Kayd\u0131 Goggle Yorumlar\u0131 Google yorumlara [&hellip;]<\/p>\n","protected":false},"author":2,"featured_media":0,"parent":0,"menu_order":0,"comment_status":"closed","ping_status":"closed","template":"","meta":{"site-sidebar-layout":"no-sidebar","site-content-layout":"page-builder","ast-site-content-layout":"default","site-content-style":"default","site-sidebar-style":"default","ast-global-header-display":"","ast-banner-title-visibility":"","ast-main-header-display":"","ast-hfb-above-header-display":"","ast-hfb-below-header-display":"","ast-hfb-mobile-header-display":"","site-post-title":"disabled","ast-breadcrumbs-content":"","ast-featured-img":"disabled","footer-sml-layout":"","ast-disable-related-posts":"","theme-transparent-header-meta":"default","adv-header-id-meta":"","stick-header-meta":"default","header-above-stick-meta":"","header-main-stick-meta":"","header-below-stick-meta":"","astra-migrate-meta-layouts":"default","ast-page-background-enabled":"default","ast-page-background-meta":{"desktop":{"background-color":"","background-image":"","background-repeat":"repeat","background-position":"center center","background-size":"auto","background-attachment":"scroll","background-type":"","background-media":"","overlay-type":"","overlay-color":"","overlay-opacity":"","overlay-gradient":""},"tablet":{"background-color":"","background-image":"","background-repeat":"repeat","background-position":"center center","background-size":"auto","background-attachment":"scroll","background-type":"","background-media":"","overlay-type":"","overlay-color":"","overlay-opacity":"","overlay-gradient":""},"mobile":{"background-color":"","background-image":"","background-repeat":"repeat","background-position":"center center","background-size":"auto","background-attachment":"scroll","background-type":"","background-media":"","overlay-type":"","overlay-color":"","overlay-opacity":"","overlay-gradient":""}},"ast-content-background-meta":{"desktop":{"background-color":"var(--ast-global-color-5)","background-image":"","background-repeat":"repeat","background-position":"center center","background-size":"auto","background-attachment":"scroll","background-type":"","background-media":"","overlay-type":"","overlay-color":"","overlay-opacity":"","overlay-gradient":""},"tablet":{"background-color":"var(--ast-global-color-5)","background-image":"","background-repeat":"repeat","background-position":"center center","background-size":"auto","background-attachment":"scroll","background-type":"","background-media":"","overlay-type":"","overlay-color":"","overlay-opacity":"","overlay-gradient":""},"mobile":{"background-color":"var(--ast-global-color-5)","background-image":"","background-repeat":"repeat","background-position":"center center","background-size":"auto","background-attachment":"scroll","background-type":"","background-media":"","overlay-type":"","overlay-color":"","overlay-opacity":"","overlay-gradient":""}},"footnotes":""},"class_list":["post-1303","page","type-page","status-publish","hentry"],"aioseo_notices":[],"_links":{"self":[{"href":"https:\/\/likyatravel.com.tr\/tr\/wp-json\/wp\/v2\/pages\/1303","targetHints":{"allow":["GET"]}}],"collection":[{"href":"https:\/\/likyatravel.com.tr\/tr\/wp-json\/wp\/v2\/pages"}],"about":[{"href":"https:\/\/likyatravel.com.tr\/tr\/wp-json\/wp\/v2\/types\/page"}],"author":[{"embeddable":true,"href":"https:\/\/likyatravel.com.tr\/tr\/wp-json\/wp\/v2\/users\/2"}],"replies":[{"embeddable":true,"href":"https:\/\/likyatravel.com.tr\/tr\/wp-json\/wp\/v2\/comments?post=1303"}],"version-history":[{"count":0,"href":"https:\/\/likyatravel.com.tr\/tr\/wp-json\/wp\/v2\/pages\/1303\/revisions"}],"wp:attachment":[{"href":"https:\/\/likyatravel.com.tr\/tr\/wp-json\/wp\/v2\/media?parent=1303"}],"curies":[{"name":"wp","href":"https:\/\/api.w.org\/{rel}","templated":true}]}}