{"id":2923,"date":"2022-05-06T17:42:11","date_gmt":"2022-05-06T17:42:11","guid":{"rendered":"https:\/\/likyatravel.com.tr\/%d0%b1%d0%bb%d0%be%d0%b3\/"},"modified":"2023-01-05T11:42:48","modified_gmt":"2023-01-05T11:42:48","slug":"%d0%b1%d0%bb%d0%be%d0%b3","status":"publish","type":"page","link":"https:\/\/likyatravel.com.tr\/ru\/%d0%b1%d0%bb%d0%be%d0%b3\/","title":{"rendered":"\u0431\u043b\u043e\u0433"},"content":{"rendered":"\t\t<div data-elementor-type=\"wp-page\" data-elementor-id=\"2923\" class=\"elementor elementor-2923 elementor-2893\">\n\t\t\t\t\t\t<section class=\"elementor-section elementor-top-section elementor-element elementor-element-e35cebd elementor-section-boxed elementor-section-height-default elementor-section-height-default\" data-id=\"e35cebd\" data-element_type=\"section\" data-e-type=\"section\">\n\t\t\t\t\t\t<div class=\"elementor-container elementor-column-gap-default\">\n\t\t\t\t\t<div class=\"elementor-column elementor-col-100 elementor-top-column elementor-element elementor-element-af4d6ca\" data-id=\"af4d6ca\" data-element_type=\"column\" data-e-type=\"column\">\n\t\t\t<div class=\"elementor-widget-wrap elementor-element-populated\">\n\t\t\t\t\t\t<div class=\"elementor-element elementor-element-e06531f uael-equal__height-yes elementor-widget elementor-widget-uael-posts\" data-id=\"e06531f\" data-element_type=\"widget\" data-e-type=\"widget\" data-settings=\"{&quot;classic_slides_to_show&quot;:3,&quot;classic_slides_to_show_tablet&quot;:2,&quot;classic_slides_to_show_mobile&quot;:1}\" data-widget_type=\"uael-posts.classic\">\n\t\t\t\t<div class=\"elementor-widget-container\">\n\t\t\t\t\t\t\t<div class=\"uael-post__header\">\r\n\t\t\t\t\t<\/div>\r\n\t\t<div class=\"uael-post__body\">\r\n\t\t\t\r\n\t\t\r\n\t\t<div class=\"uael-blog-terms-position-above_content uael-post-image-top uael-post-grid uael-posts\" data-query-type=\"custom\" data-structure=\"normal\" data-layout=\"\" data-page=\"2923\" data-skin=\"classic\" data-filter-default=\"\" data-offset-top=\"30\" >\r\n\r\n\t\t\t\t\t\t\t<div class=\"uael-post-grid__inner uael-post__columns-3 uael-post__columns-tablet-2 uael-post__columns-mobile-1\">\r\n\t\t\t\r\n<div class=\"uael-post-wrapper   yama\u00e7-para\u015f\u00fct\u00fc \u041e\u043b\u044e\u0434\u0435\u043d\u0438\u0437 \u0424\u0435\u0442\u0445\u0438\u0435 \">\r\n\t<div class=\"uael-post__bg-wrap\">\r\n\r\n\t\t\t\t\r\n\t\t<div class=\"uael-post__inner-wrap\">\r\n\r\n\t\t\t\t<div class=\"uael-post__thumbnail\">\r\n\t\t\t\r\n\t\t\t<a href=\"https:\/\/likyatravel.com.tr\/ru\/%d1%84%d0%b5%d1%82%d1%85%d0%b8%d0%b5-%d0%bf%d0%b0%d1%80%d0%b0%d0%bf%d0%bb%d0%b0%d0%bd-%d1%86%d0%b5%d0%bd%d1%8b\/\" target=\"_self\" title=\"\u0426\u0435\u043d\u044b \u043d\u0430 \u043f\u043e\u043b\u0435\u0442\u044b \u043d\u0430 \u043f\u0430\u0440\u0430\u043f\u043b\u0430\u043d\u0435 \u0432 \u0424\u0435\u0442\u0445\u0438\u0435\"><img fetchpriority=\"high\" decoding=\"async\" width=\"800\" height=\"600\" src=\"https:\/\/likyatravel.com.tr\/wp-content\/uploads\/2021\/06\/yamac-parasutu-likya-10.jpg\" class=\"attachment-full size-full wp-image-1763\" alt=\"Fethiye Oludeniz Yama\u00e7 para\u015f\u00fct\u00fc fiyat\u0131\" srcset=\"https:\/\/likyatravel.com.tr\/wp-content\/uploads\/2021\/06\/yamac-parasutu-likya-10.jpg 800w, https:\/\/likyatravel.com.tr\/wp-content\/uploads\/2021\/06\/yamac-parasutu-likya-10-300x225.jpg 300w, https:\/\/likyatravel.com.tr\/wp-content\/uploads\/2021\/06\/yamac-parasutu-likya-10-768x576.jpg 768w, https:\/\/likyatravel.com.tr\/wp-content\/uploads\/2021\/06\/yamac-parasutu-likya-10-600x450.jpg 600w\" sizes=\"(max-width: 800px) 100vw, 800px\" \/><\/a>\r\n\t\t\t\t\t<\/div>\r\n\t\t\r\n\t\t\t\r\n\t\t\t<div class=\"uael-post__content-wrap\">\r\n\t\t\t\t\t\t\t<div class=\"uael-post__terms-wrap\"><span class=\"uael-post__terms\"><a href=\"https:\/\/likyatravel.com.tr\/ru\/category\/yamac-parasutu-ru\/\" class=\"uael-listing__terms-link\" id=\"uael-post-term-yamac-parasutu-ru\" aria-labelledby=\"uael-post-term-yamac-parasutu-ru\">yama\u00e7 para\u015f\u00fct\u00fc<\/a><\/span><\/div>\r\n\t\t\t\t\t\t<h3 class=\"uael-post__title\">\r\n\r\n\t\t\r\n\t\t\t\t\t\t<a href=\"https:\/\/likyatravel.com.tr\/ru\/%d1%84%d0%b5%d1%82%d1%85%d0%b8%d0%b5-%d0%bf%d0%b0%d1%80%d0%b0%d0%bf%d0%bb%d0%b0%d0%bd-%d1%86%d0%b5%d0%bd%d1%8b\/\" target=\"_self\">\r\n\t\t\t\t\u0426\u0435\u043d\u044b \u043d\u0430 \u043f\u043e\u043b\u0435\u0442\u044b \u043d\u0430 \u043f\u0430\u0440\u0430\u043f\u043b\u0430\u043d\u0435 \u0432 \u0424\u0435\u0442\u0445\u0438\u0435\t\t\t<\/a>\r\n\r\n\t\t\t\t<\/h3>\r\n\t\t\t\t\t<div class=\"uael-post__meta-data\">\r\n\t\t\t\t\t<span class=\"uael-post__date\">\r\n\t\t\t\t\t\t\t\t\t\t\t\t\t<i aria-hidden=\"true\" class=\"fa fa-calendar\"><\/i>\t\t\t\t\t\t\t\t\t\r\n\t\t\t06.05.2022\t\t<\/span>\r\n\t\t\t\t<span class=\"uael-post__comments\">\r\n\t\t\t\t\t\t\t\t\t\t\t\t<i aria-hidden=\"true\" class=\"fa fa-comments\"><\/i>\t\t\t\t\t\t\t\t\t\t\u041a\u043e\u043c\u043c\u0435\u043d\u0442\u0430\u0440\u0438\u0435\u0432 \u043d\u0435\u0442\t\t<\/span>\r\n\t\t\t\t<\/div>\r\n\t\t\r\n\t\t<div class=\"uael-post__excerpt\">\r\n\t\t\t<p>\u0426\u0435\u043d\u0430 \u043f\u0430\u0440\u0430\u0433\u043b\u0430\u0439\u0434\u0438\u043d\u0433\u0430 \u0432 \u041e\u043b\u044e\u0434\u0435\u043d\u0438\u0437\u0435 \u0432 2023 \u0433\u043e\u0434\u0443 \u0421\u0442\u043e\u0438\u043c\u043e\u0441\u0442\u044c \u043f\u043e\u043b\u0435\u0442\u0430 \u043d\u0430 \u043f\u0430\u0440\u0430\u043f\u043b\u0430\u043d\u0435 \u0438\u0437 Babada\u011f \u0432 \u0433\u043e\u0440\u043e\u0434\u0435 \u0424\u0435\u0442\u0445\u0438\u0435 \u00d6l\u00fcdeniz \u0441\u043e\u0441\u0442\u0430\u0432\u043b\u044f\u0435\u0442 1600 \u0442\u043b. \u042d\u0442\u0430 \u043f\u043b\u0430\u0442\u0430 \u0432\u0430\u0440\u044c\u0438\u0440\u0443\u0435\u0442\u0441\u044f \u0432 \u0437\u0430\u0432\u0438\u0441\u0438\u043c\u043e\u0441\u0442\u0438 &#8230;<\/p>\n\t\t<\/div>\r\n\r\n\t\t\t\t\t<a class=\"uael-post__read-more elementor-button\" href=\"https:\/\/likyatravel.com.tr\/ru\/%d1%84%d0%b5%d1%82%d1%85%d0%b8%d0%b5-%d0%bf%d0%b0%d1%80%d0%b0%d0%bf%d0%bb%d0%b0%d0%bd-%d1%86%d0%b5%d0%bd%d1%8b\/\" target=\"_self\" aria-labelledby=\"uael-post-2909\">\r\n\t\t\t\t\t<span class=\"elementor-button-content-wrapper\">\r\n\t\t\t\t\t\t\t\t\t\t\t\t\t\t<span class=\"elementor-button-icon elementor-align-icon-left\">\r\n\r\n\t\t\t\t\t\t\t\t\t\r\n\t\t\t\t\t\t\t\t<\/span>\r\n\t\t\t\t\t\t\t\t\t\t\t\t\t\r\n\t\t\t\t\t\t<span class=\"elementor-button-text\" id=uael-post-2909>\u0427\u0438\u0442\u0430\u0442\u044c \u0434\u0430\u043b\u0435\u0435 \u2192<\/span>\r\n\t\t\t\t\t<\/span>\r\n\t\t\t\t<\/a>\r\n\t\t\t\t\t\t<\/div>\r\n\t\t\t\r\n\t\t<\/div>\r\n\t\t\r\n\t<\/div>\r\n\r\n<\/div>\r\n\r\n<div class=\"uael-post-wrapper   \u041e\u043b\u044e\u0434\u0435\u043d\u0438\u0437 \">\r\n\t<div class=\"uael-post__bg-wrap\">\r\n\r\n\t\t\t\t\r\n\t\t<div class=\"uael-post__inner-wrap\">\r\n\r\n\t\t\t\t<div class=\"uael-post__thumbnail\">\r\n\t\t\t\r\n\t\t\t<a href=\"https:\/\/likyatravel.com.tr\/ru\/%d1%84%d0%b5%d1%82%d1%85%d0%b8%d0%b5-%d0%ba%d0%b0%d0%bd%d0%b0%d1%82%d0%bd%d0%b0%d1%8f-%d0%b4%d0%be%d1%80%d0%be%d0%b3%d0%b0-%d0%b8-%d1%81%d0%ba%d0%bb%d0%be%d0%bd-%d0%bf%d0%b0%d1%80%d0%b0%d1%81%d1%83\/\" target=\"_self\" title=\"\u041a\u0430\u043d\u0430\u0442\u043d\u0430\u044f \u0434\u043e\u0440\u043e\u0433\u0430 \u0424\u0435\u0442\u0445\u0438\u0435 \u0438 \u043f\u0430\u0440\u0430\u043f\u043b\u0430\u043d\u0435\u0440\u0438\u0437\u043c\"><img decoding=\"async\" width=\"603\" height=\"293\" src=\"https:\/\/likyatravel.com.tr\/wp-content\/uploads\/2021\/11\/fethiye-babadag-teleferik-yamac-parasutu.jpg\" class=\"attachment-full size-full wp-image-2855\" alt=\"\" srcset=\"https:\/\/likyatravel.com.tr\/wp-content\/uploads\/2021\/11\/fethiye-babadag-teleferik-yamac-parasutu.jpg 603w, https:\/\/likyatravel.com.tr\/wp-content\/uploads\/2021\/11\/fethiye-babadag-teleferik-yamac-parasutu-300x146.jpg 300w\" sizes=\"(max-width: 603px) 100vw, 603px\" \/><\/a>\r\n\t\t\t\t\t<\/div>\r\n\t\t\r\n\t\t\t\r\n\t\t\t<div class=\"uael-post__content-wrap\">\r\n\t\t\t\t\t\t\t<div class=\"uael-post__terms-wrap\"><span class=\"uael-post__terms\"><a href=\"https:\/\/likyatravel.com.tr\/ru\/category\/%d0%be%d0%bb%d1%8e%d0%b4%d0%b5%d0%bd%d0%b8%d0%b7\/\" class=\"uael-listing__terms-link\" id=\"uael-post-term-%d0%be%d0%bb%d1%8e%d0%b4%d0%b5%d0%bd%d0%b8%d0%b7\" aria-labelledby=\"uael-post-term-%d0%be%d0%bb%d1%8e%d0%b4%d0%b5%d0%bd%d0%b8%d0%b7\">\u041e\u043b\u044e\u0434\u0435\u043d\u0438\u0437<\/a><\/span><\/div>\r\n\t\t\t\t\t\t<h3 class=\"uael-post__title\">\r\n\r\n\t\t\r\n\t\t\t\t\t\t<a href=\"https:\/\/likyatravel.com.tr\/ru\/%d1%84%d0%b5%d1%82%d1%85%d0%b8%d0%b5-%d0%ba%d0%b0%d0%bd%d0%b0%d1%82%d0%bd%d0%b0%d1%8f-%d0%b4%d0%be%d1%80%d0%be%d0%b3%d0%b0-%d0%b8-%d1%81%d0%ba%d0%bb%d0%be%d0%bd-%d0%bf%d0%b0%d1%80%d0%b0%d1%81%d1%83\/\" target=\"_self\">\r\n\t\t\t\t\u041a\u0430\u043d\u0430\u0442\u043d\u0430\u044f \u0434\u043e\u0440\u043e\u0433\u0430 \u0424\u0435\u0442\u0445\u0438\u0435 \u0438 \u043f\u0430\u0440\u0430\u043f\u043b\u0430\u043d\u0435\u0440\u0438\u0437\u043c\t\t\t<\/a>\r\n\r\n\t\t\t\t<\/h3>\r\n\t\t\t\t\t<div class=\"uael-post__meta-data\">\r\n\t\t\t\t\t<span class=\"uael-post__date\">\r\n\t\t\t\t\t\t\t\t\t\t\t\t\t<i aria-hidden=\"true\" class=\"fa fa-calendar\"><\/i>\t\t\t\t\t\t\t\t\t\r\n\t\t\t11.12.2021\t\t<\/span>\r\n\t\t\t\t<span class=\"uael-post__comments\">\r\n\t\t\t\t\t\t\t\t\t\t\t\t<i aria-hidden=\"true\" class=\"fa fa-comments\"><\/i>\t\t\t\t\t\t\t\t\t\t\u041a\u043e\u043c\u043c\u0435\u043d\u0442\u0430\u0440\u0438\u0435\u0432 \u043d\u0435\u0442\t\t<\/span>\r\n\t\t\t\t<\/div>\r\n\t\t\r\n\t\t<div class=\"uael-post__excerpt\">\r\n\t\t\t<p>\u0412\u043e\u0441\u0445\u043e\u0436\u0434\u0435\u043d\u0438\u0435 \u043d\u0430 \u0411\u0430\u0431\u0430\u0434\u0430\u0433 \u043f\u043e \u043a\u0430\u043d\u0430\u0442\u043d\u043e\u0439 \u0434\u043e\u0440\u043e\u0433\u0435 \u0438 \u043f\u043e\u043b\u0435\u0442 \u043d\u0430 \u043f\u0430\u0440\u0430\u043f\u043b\u0430\u043d\u0435 \u0431\u0443\u0434\u0443\u0442 \u043e\u0434\u043d\u0438\u043c \u0438\u0437 \u0441\u0430\u043c\u044b\u0445 \u043a\u0440\u0430\u0441\u0438\u0432\u044b\u0445 \u0437\u0430\u043d\u044f\u0442\u0438\u0439, \u043a\u043e\u0442\u043e\u0440\u044b\u043c\u0438 \u0432\u044b \u043c\u043e\u0436\u0435\u0442\u0435 \u0437\u0430\u043d\u044f\u0442\u044c\u0441\u044f, \u043d\u0430\u0431\u043b\u044e\u0434\u0430\u044f \u0437\u0430 \u0443\u043d\u0438\u043a\u0430\u043b\u044c\u043d\u044b\u043c \u0432\u0438\u0434\u043e\u043c \u043d\u0430 &#8230;<\/p>\n\t\t<\/div>\r\n\r\n\t\t\t\t\t<a class=\"uael-post__read-more elementor-button\" href=\"https:\/\/likyatravel.com.tr\/ru\/%d1%84%d0%b5%d1%82%d1%85%d0%b8%d0%b5-%d0%ba%d0%b0%d0%bd%d0%b0%d1%82%d0%bd%d0%b0%d1%8f-%d0%b4%d0%be%d1%80%d0%be%d0%b3%d0%b0-%d0%b8-%d1%81%d0%ba%d0%bb%d0%be%d0%bd-%d0%bf%d0%b0%d1%80%d0%b0%d1%81%d1%83\/\" target=\"_self\" aria-labelledby=\"uael-post-2854\">\r\n\t\t\t\t\t<span class=\"elementor-button-content-wrapper\">\r\n\t\t\t\t\t\t\t\t\t\t\t\t\t\t<span class=\"elementor-button-icon elementor-align-icon-left\">\r\n\r\n\t\t\t\t\t\t\t\t\t\r\n\t\t\t\t\t\t\t\t<\/span>\r\n\t\t\t\t\t\t\t\t\t\t\t\t\t\r\n\t\t\t\t\t\t<span class=\"elementor-button-text\" id=uael-post-2854>\u0427\u0438\u0442\u0430\u0442\u044c \u0434\u0430\u043b\u0435\u0435 \u2192<\/span>\r\n\t\t\t\t\t<\/span>\r\n\t\t\t\t<\/a>\r\n\t\t\t\t\t\t<\/div>\r\n\t\t\t\r\n\t\t<\/div>\r\n\t\t\r\n\t<\/div>\r\n\r\n<\/div>\r\n\r\n<div class=\"uael-post-wrapper   yama\u00e7-para\u015f\u00fct\u00fc \u0411\u0430\u0431\u0430\u0434\u0430\u0445 \u041e\u043b\u044e\u0434\u0435\u043d\u0438\u0437 \u0424\u0435\u0442\u0445\u0438\u0435 \">\r\n\t<div class=\"uael-post__bg-wrap\">\r\n\r\n\t\t\t\t\r\n\t\t<div class=\"uael-post__inner-wrap\">\r\n\r\n\t\t\t\t<div class=\"uael-post__thumbnail\">\r\n\t\t\t\r\n\t\t\t<a href=\"https:\/\/likyatravel.com.tr\/ru\/%d0%be%d0%bb%d1%83%d0%b4%d0%b5%d0%bd%d0%b8%d0%b7-%d0%b1%d0%b0%d0%b1%d0%b0%d0%b4%d0%b0%d0%b3-%d0%bf%d0%b0%d1%80%d0%b0%d0%bf%d0%bb%d0%b0%d0%bd%d0%b5%d1%80%d0%b8%d0%b7%d0%bc\/\" target=\"_self\" title=\"\u041e\u043b\u044e\u0434\u0435\u043d\u0438\u0437 \u0411\u0430\u0431\u0430\u0434\u0430\u0433 \u041f\u043e\u043b\u0435\u0442\u044b \u043d\u0430 \u043f\u0430\u0440\u0430\u043f\u043b\u0430\u043d\u0435\"><img decoding=\"async\" width=\"800\" height=\"600\" src=\"https:\/\/likyatravel.com.tr\/wp-content\/uploads\/2021\/06\/yamac-parasutu-likya-4.jpg\" class=\"attachment-full size-full wp-image-1743\" alt=\"Paragliding Oludeniz Price 2023\" srcset=\"https:\/\/likyatravel.com.tr\/wp-content\/uploads\/2021\/06\/yamac-parasutu-likya-4.jpg 800w, https:\/\/likyatravel.com.tr\/wp-content\/uploads\/2021\/06\/yamac-parasutu-likya-4-300x225.jpg 300w, https:\/\/likyatravel.com.tr\/wp-content\/uploads\/2021\/06\/yamac-parasutu-likya-4-768x576.jpg 768w, https:\/\/likyatravel.com.tr\/wp-content\/uploads\/2021\/06\/yamac-parasutu-likya-4-600x450.jpg 600w\" sizes=\"(max-width: 800px) 100vw, 800px\" \/><\/a>\r\n\t\t\t\t\t<\/div>\r\n\t\t\r\n\t\t\t\r\n\t\t\t<div class=\"uael-post__content-wrap\">\r\n\t\t\t\t\t\t\t<div class=\"uael-post__terms-wrap\"><span class=\"uael-post__terms\"><a href=\"https:\/\/likyatravel.com.tr\/ru\/category\/yamac-parasutu-ru\/\" class=\"uael-listing__terms-link\" id=\"uael-post-term-yamac-parasutu-ru\" aria-labelledby=\"uael-post-term-yamac-parasutu-ru\">yama\u00e7 para\u015f\u00fct\u00fc<\/a><\/span><\/div>\r\n\t\t\t\t\t\t<h3 class=\"uael-post__title\">\r\n\r\n\t\t\r\n\t\t\t\t\t\t<a href=\"https:\/\/likyatravel.com.tr\/ru\/%d0%be%d0%bb%d1%83%d0%b4%d0%b5%d0%bd%d0%b8%d0%b7-%d0%b1%d0%b0%d0%b1%d0%b0%d0%b4%d0%b0%d0%b3-%d0%bf%d0%b0%d1%80%d0%b0%d0%bf%d0%bb%d0%b0%d0%bd%d0%b5%d1%80%d0%b8%d0%b7%d0%bc\/\" target=\"_self\">\r\n\t\t\t\t\u041e\u043b\u044e\u0434\u0435\u043d\u0438\u0437 \u0411\u0430\u0431\u0430\u0434\u0430\u0433 \u041f\u043e\u043b\u0435\u0442\u044b \u043d\u0430 \u043f\u0430\u0440\u0430\u043f\u043b\u0430\u043d\u0435\t\t\t<\/a>\r\n\r\n\t\t\t\t<\/h3>\r\n\t\t\t\t\t<div class=\"uael-post__meta-data\">\r\n\t\t\t\t\t<span class=\"uael-post__date\">\r\n\t\t\t\t\t\t\t\t\t\t\t\t\t<i aria-hidden=\"true\" class=\"fa fa-calendar\"><\/i>\t\t\t\t\t\t\t\t\t\r\n\t\t\t23.06.2021\t\t<\/span>\r\n\t\t\t\t<span class=\"uael-post__comments\">\r\n\t\t\t\t\t\t\t\t\t\t\t\t<i aria-hidden=\"true\" class=\"fa fa-comments\"><\/i>\t\t\t\t\t\t\t\t\t\t\u041a\u043e\u043c\u043c\u0435\u043d\u0442\u0430\u0440\u0438\u0435\u0432 \u043d\u0435\u0442\t\t<\/span>\r\n\t\t\t\t<\/div>\r\n\t\t\r\n\t\t<div class=\"uael-post__excerpt\">\r\n\t\t\t<p>\u041e\u0433\u043b\u0430\u0432\u043b\u0435\u043d\u0438\u0435 Add a header to begin generating the table of contents \u0426\u0435\u043d\u0442\u0440 \u043f\u0430\u0440\u0430\u043f\u043b\u0430\u043d\u0435\u0440\u0438\u0437\u043c\u0430 \u041e\u043b\u044e\u0434\u0435\u043d\u0438\u0437 \u0411\u0430\u0431\u0430\u0434\u0430\u0433 &#8212; \u043e\u0434\u043d\u043e \u0438\u0437 \u0441\u0430\u043c\u044b\u0445 \u0438\u0437\u0432\u0435\u0441\u0442\u043d\u044b\u0445 \u043c\u0435\u0441\u0442 \u0434\u043b\u044f \u043f\u0430\u0440\u0430\u043f\u043b\u0430\u043d\u0435\u0440\u0438\u0437\u043c\u0430 \u043d\u0435 \u0442\u043e\u043b\u044c\u043a\u043e &#8230;<\/p>\n\t\t<\/div>\r\n\r\n\t\t\t\t\t<a class=\"uael-post__read-more elementor-button\" href=\"https:\/\/likyatravel.com.tr\/ru\/%d0%be%d0%bb%d1%83%d0%b4%d0%b5%d0%bd%d0%b8%d0%b7-%d0%b1%d0%b0%d0%b1%d0%b0%d0%b4%d0%b0%d0%b3-%d0%bf%d0%b0%d1%80%d0%b0%d0%bf%d0%bb%d0%b0%d0%bd%d0%b5%d1%80%d0%b8%d0%b7%d0%bc\/\" target=\"_self\" aria-labelledby=\"uael-post-1968\">\r\n\t\t\t\t\t<span class=\"elementor-button-content-wrapper\">\r\n\t\t\t\t\t\t\t\t\t\t\t\t\t\t<span class=\"elementor-button-icon elementor-align-icon-left\">\r\n\r\n\t\t\t\t\t\t\t\t\t\r\n\t\t\t\t\t\t\t\t<\/span>\r\n\t\t\t\t\t\t\t\t\t\t\t\t\t\r\n\t\t\t\t\t\t<span class=\"elementor-button-text\" id=uael-post-1968>\u0427\u0438\u0442\u0430\u0442\u044c \u0434\u0430\u043b\u0435\u0435 \u2192<\/span>\r\n\t\t\t\t\t<\/span>\r\n\t\t\t\t<\/a>\r\n\t\t\t\t\t\t<\/div>\r\n\t\t\t\r\n\t\t<\/div>\r\n\t\t\r\n\t<\/div>\r\n\r\n<\/div>\r\n\t\t\t\t<\/div>\r\n\t\t\t\t\t\t\r\n\t\t<\/div>\r\n\r\n\t\t\t\t\t\t<\/div>\r\n\t\t<div class=\"uael-post__footer\">\r\n\t\t\t\t\t<\/div>\r\n\t\t\t\t\t\t<\/div>\n\t\t\t\t<\/div>\n\t\t\t\t\t<\/div>\n\t\t<\/div>\n\t\t\t\t\t<\/div>\n\t\t<\/section>\n\t\t\t\t<\/div>\n\t\t","protected":false},"excerpt":{"rendered":"<p>Babada\u011f \u00d6l\u00fcdeniz Babada\u011f Yama\u00e7 Para\u015f\u00fct\u00fc Kas\u0131m 1, 2022 Yorum yap\u0131lmam\u0131\u015f Bilgi Listesi Add a header to begin generating the table of contents \u00d6l\u00fcdeniz Babada\u011f Yama\u00e7 Para\u015f\u00fct\u00fc Merkezi sadece T\u00fcrkiye&#8217;nin de\u011fil d\u00fcnyan\u0131n da en iyi bilinen &#8230; \u0427\u0438\u0442\u0430\u0442\u044c \u0434\u0430\u043b\u0435\u0435 \u2192 Fethiye Fethiye Yama\u00e7 Para\u015f\u00fct\u00fc Fiyatlar\u0131 May\u0131s 6, 2022 Yorum yap\u0131lmam\u0131\u015f Her y\u0131l g\u00fcncellenen Fethiye yamac parasutu [&hellip;]<\/p>\n","protected":false},"author":2,"featured_media":0,"parent":0,"menu_order":0,"comment_status":"closed","ping_status":"closed","template":"","meta":{"site-sidebar-layout":"no-sidebar","site-content-layout":"page-builder","ast-site-content-layout":"default","site-content-style":"default","site-sidebar-style":"default","ast-global-header-display":"","ast-banner-title-visibility":"","ast-main-header-display":"","ast-hfb-above-header-display":"","ast-hfb-below-header-display":"","ast-hfb-mobile-header-display":"","site-post-title":"disabled","ast-breadcrumbs-content":"","ast-featured-img":"disabled","footer-sml-layout":"","ast-disable-related-posts":"","theme-transparent-header-meta":"","adv-header-id-meta":"","stick-header-meta":"","header-above-stick-meta":"","header-main-stick-meta":"","header-below-stick-meta":"","astra-migrate-meta-layouts":"default","ast-page-background-enabled":"default","ast-page-background-meta":{"desktop":{"background-color":"","background-image":"","background-repeat":"repeat","background-position":"center center","background-size":"auto","background-attachment":"scroll","background-type":"","background-media":"","overlay-type":"","overlay-color":"","overlay-opacity":"","overlay-gradient":""},"tablet":{"background-color":"","background-image":"","background-repeat":"repeat","background-position":"center center","background-size":"auto","background-attachment":"scroll","background-type":"","background-media":"","overlay-type":"","overlay-color":"","overlay-opacity":"","overlay-gradient":""},"mobile":{"background-color":"","background-image":"","background-repeat":"repeat","background-position":"center center","background-size":"auto","background-attachment":"scroll","background-type":"","background-media":"","overlay-type":"","overlay-color":"","overlay-opacity":"","overlay-gradient":""}},"ast-content-background-meta":{"desktop":{"background-color":"var(--ast-global-color-5)","background-image":"","background-repeat":"repeat","background-position":"center center","background-size":"auto","background-attachment":"scroll","background-type":"","background-media":"","overlay-type":"","overlay-color":"","overlay-opacity":"","overlay-gradient":""},"tablet":{"background-color":"var(--ast-global-color-5)","background-image":"","background-repeat":"repeat","background-position":"center center","background-size":"auto","background-attachment":"scroll","background-type":"","background-media":"","overlay-type":"","overlay-color":"","overlay-opacity":"","overlay-gradient":""},"mobile":{"background-color":"var(--ast-global-color-5)","background-image":"","background-repeat":"repeat","background-position":"center center","background-size":"auto","background-attachment":"scroll","background-type":"","background-media":"","overlay-type":"","overlay-color":"","overlay-opacity":"","overlay-gradient":""}},"footnotes":""},"class_list":["post-2923","page","type-page","status-publish","hentry"],"aioseo_notices":[],"_links":{"self":[{"href":"https:\/\/likyatravel.com.tr\/ru\/wp-json\/wp\/v2\/pages\/2923","targetHints":{"allow":["GET"]}}],"collection":[{"href":"https:\/\/likyatravel.com.tr\/ru\/wp-json\/wp\/v2\/pages"}],"about":[{"href":"https:\/\/likyatravel.com.tr\/ru\/wp-json\/wp\/v2\/types\/page"}],"author":[{"embeddable":true,"href":"https:\/\/likyatravel.com.tr\/ru\/wp-json\/wp\/v2\/users\/2"}],"replies":[{"embeddable":true,"href":"https:\/\/likyatravel.com.tr\/ru\/wp-json\/wp\/v2\/comments?post=2923"}],"version-history":[{"count":0,"href":"https:\/\/likyatravel.com.tr\/ru\/wp-json\/wp\/v2\/pages\/2923\/revisions"}],"wp:attachment":[{"href":"https:\/\/likyatravel.com.tr\/ru\/wp-json\/wp\/v2\/media?parent=2923"}],"curies":[{"name":"wp","href":"https:\/\/api.w.org\/{rel}","templated":true}]}}