{"id":2917,"date":"2022-05-06T17:41:46","date_gmt":"2022-05-06T17:41:46","guid":{"rendered":"https:\/\/likyatravel.com.tr\/%d9%85%d9%82%d8%a7%d9%84%d8%a7%d8%aa\/"},"modified":"2023-01-05T11:42:48","modified_gmt":"2023-01-05T11:42:48","slug":"%d9%85%d9%82%d8%a7%d9%84%d8%a7%d8%aa","status":"publish","type":"page","link":"https:\/\/likyatravel.com.tr\/ar\/%d9%85%d9%82%d8%a7%d9%84%d8%a7%d8%aa\/","title":{"rendered":"\u0645\u0642\u0627\u0644\u0627\u062a"},"content":{"rendered":"\t\t<div data-elementor-type=\"wp-page\" data-elementor-id=\"2917\" class=\"elementor elementor-2917 elementor-2893\">\n\t\t\t\t\t\t<section class=\"elementor-section elementor-top-section elementor-element elementor-element-e35cebd elementor-section-boxed elementor-section-height-default elementor-section-height-default\" data-id=\"e35cebd\" data-element_type=\"section\" data-e-type=\"section\">\n\t\t\t\t\t\t<div class=\"elementor-container elementor-column-gap-default\">\n\t\t\t\t\t<div class=\"elementor-column elementor-col-100 elementor-top-column elementor-element elementor-element-af4d6ca\" data-id=\"af4d6ca\" data-element_type=\"column\" data-e-type=\"column\">\n\t\t\t<div class=\"elementor-widget-wrap elementor-element-populated\">\n\t\t\t\t\t\t<div class=\"elementor-element elementor-element-e06531f uael-equal__height-yes elementor-widget elementor-widget-uael-posts\" data-id=\"e06531f\" data-element_type=\"widget\" data-e-type=\"widget\" data-settings=\"{&quot;classic_slides_to_show&quot;:3,&quot;classic_slides_to_show_tablet&quot;:2,&quot;classic_slides_to_show_mobile&quot;:1}\" data-widget_type=\"uael-posts.classic\">\n\t\t\t\t<div class=\"elementor-widget-container\">\n\t\t\t\t\t\t\t<div class=\"uael-post__header\">\r\n\t\t\t\t\t<\/div>\r\n\t\t<div class=\"uael-post__body\">\r\n\t\t\t\r\n\t\t\r\n\t\t<div class=\"uael-blog-terms-position-above_content uael-post-image-top uael-post-grid uael-posts\" data-query-type=\"custom\" data-structure=\"normal\" data-layout=\"\" data-page=\"2917\" data-skin=\"classic\" data-filter-default=\"\" data-offset-top=\"30\" >\r\n\r\n\t\t\t\t\t\t\t<div class=\"uael-post-grid__inner uael-post__columns-3 uael-post__columns-tablet-2 uael-post__columns-mobile-1\">\r\n\t\t\t\r\n<div class=\"uael-post-wrapper   yama\u00e7-para\u015f\u00fct\u00fc \u0623\u0648\u0644\u0648\u062f\u064a\u0646\u064a\u0632 \u0641\u062a\u062d\u064a\u0629 \">\r\n\t<div class=\"uael-post__bg-wrap\">\r\n\r\n\t\t\t\t\r\n\t\t<div class=\"uael-post__inner-wrap\">\r\n\r\n\t\t\t\t<div class=\"uael-post__thumbnail\">\r\n\t\t\t\r\n\t\t\t<a href=\"https:\/\/likyatravel.com.tr\/ar\/%d8%a3%d8%b3%d8%b9%d8%a7%d8%b1-%d9%81%d8%aa%d8%ad%d9%8a%d8%a9-%d8%a7%d9%84%d9%85%d8%b8%d9%84%d8%a9\/\" target=\"_self\" title=\"\u0627\u0633\u0639\u0627\u0631 \u0641\u062a\u062d\u064a\u0629 \u0628\u0627\u0644\u0645\u0638\u0644\u0627\u062a\"><img fetchpriority=\"high\" decoding=\"async\" width=\"800\" height=\"600\" src=\"https:\/\/likyatravel.com.tr\/wp-content\/uploads\/2021\/06\/yamac-parasutu-likya-10.jpg\" class=\"attachment-full size-full wp-image-1760\" alt=\"Fethiye Oludeniz Yama\u00e7 para\u015f\u00fct\u00fc fiyat\u0131\" srcset=\"https:\/\/likyatravel.com.tr\/wp-content\/uploads\/2021\/06\/yamac-parasutu-likya-10.jpg 800w, https:\/\/likyatravel.com.tr\/wp-content\/uploads\/2021\/06\/yamac-parasutu-likya-10-300x225.jpg 300w, https:\/\/likyatravel.com.tr\/wp-content\/uploads\/2021\/06\/yamac-parasutu-likya-10-768x576.jpg 768w, https:\/\/likyatravel.com.tr\/wp-content\/uploads\/2021\/06\/yamac-parasutu-likya-10-600x450.jpg 600w\" sizes=\"(max-width: 800px) 100vw, 800px\" \/><\/a>\r\n\t\t\t\t\t<\/div>\r\n\t\t\r\n\t\t\t\r\n\t\t\t<div class=\"uael-post__content-wrap\">\r\n\t\t\t\t\t\t\t<div class=\"uael-post__terms-wrap\"><span class=\"uael-post__terms\"><a href=\"https:\/\/likyatravel.com.tr\/ar\/category\/yamac-parasutu-ar\/\" class=\"uael-listing__terms-link\" id=\"uael-post-term-yamac-parasutu-ar\" aria-labelledby=\"uael-post-term-yamac-parasutu-ar\">yama\u00e7 para\u015f\u00fct\u00fc<\/a><\/span><\/div>\r\n\t\t\t\t\t\t<h3 class=\"uael-post__title\">\r\n\r\n\t\t\r\n\t\t\t\t\t\t<a href=\"https:\/\/likyatravel.com.tr\/ar\/%d8%a3%d8%b3%d8%b9%d8%a7%d8%b1-%d9%81%d8%aa%d8%ad%d9%8a%d8%a9-%d8%a7%d9%84%d9%85%d8%b8%d9%84%d8%a9\/\" target=\"_self\">\r\n\t\t\t\t\u0627\u0633\u0639\u0627\u0631 \u0641\u062a\u062d\u064a\u0629 \u0628\u0627\u0644\u0645\u0638\u0644\u0627\u062a\t\t\t<\/a>\r\n\r\n\t\t\t\t<\/h3>\r\n\t\t\t\t\t<div class=\"uael-post__meta-data\">\r\n\t\t\t\t\t<span class=\"uael-post__date\">\r\n\t\t\t\t\t\t\t\t\t\t\t\t\t<i aria-hidden=\"true\" class=\"fa fa-calendar\"><\/i>\t\t\t\t\t\t\t\t\t\r\n\t\t\t6 \u0645\u0627\u064a\u0648\u060c 2022\t\t<\/span>\r\n\t\t\t\t<span class=\"uael-post__comments\">\r\n\t\t\t\t\t\t\t\t\t\t\t\t<i aria-hidden=\"true\" class=\"fa fa-comments\"><\/i>\t\t\t\t\t\t\t\t\t\t\u0644\u0627 \u062a\u0648\u062c\u062f \u062a\u0639\u0644\u064a\u0642\u0627\u062a\t\t<\/span>\r\n\t\t\t\t<\/div>\r\n\t\t\r\n\t\t<div class=\"uael-post__excerpt\">\r\n\t\t\t<p>\u0633\u0639\u0631 \u0627\u0644\u0637\u064a\u0631\u0627\u0646 \u0627\u0644\u0634\u0631\u0627\u0639\u064a \u0623\u0648\u0644\u0648\u062f\u064a\u0646\u064a\u0632 \u0641\u064a \u0639\u0627\u0645 2023 \u0633\u0639\u0631 \u0631\u062d\u0644\u0629 \u0627\u0644\u0637\u064a\u0631\u0627\u0646 \u0627\u0644\u0645\u0638\u0644\u064a \u0645\u0646 \u0628\u0627\u0628\u0627\u062f\u0627\u063a \u0641\u064a \u0641\u062a\u062d\u064a\u0629 \u0623\u0648\u0644\u0648\u062f\u064a\u0646\u064a\u0632 \u0647\u0648 1600 \u0644\u064a\u0631\u0629 \u062a\u0631\u0643\u064a\u0629. \u0633\u062a\u062e\u062a\u0644\u0641 \u0647\u0630\u0647 \u0627\u0644\u0631\u0633\u0648\u0645 \u0628\u0634\u0643\u0644 \u0645\u0648\u0633\u0645\u064a. &#8230;<\/p>\n\t\t<\/div>\r\n\r\n\t\t\t\t\t<a class=\"uael-post__read-more elementor-button\" href=\"https:\/\/likyatravel.com.tr\/ar\/%d8%a3%d8%b3%d8%b9%d8%a7%d8%b1-%d9%81%d8%aa%d8%ad%d9%8a%d8%a9-%d8%a7%d9%84%d9%85%d8%b8%d9%84%d8%a9\/\" target=\"_self\" aria-labelledby=\"uael-post-2899\">\r\n\t\t\t\t\t<span class=\"elementor-button-content-wrapper\">\r\n\t\t\t\t\t\t\t\t\t\t\t\t\t\t<span class=\"elementor-button-icon elementor-align-icon-left\">\r\n\r\n\t\t\t\t\t\t\t\t\t\r\n\t\t\t\t\t\t\t\t<\/span>\r\n\t\t\t\t\t\t\t\t\t\t\t\t\t\r\n\t\t\t\t\t\t<span class=\"elementor-button-text\" id=uael-post-2899>\u0627\u0642\u0631\u0623 \u0627\u0644\u0645\u0632\u064a\u062f \u2192<\/span>\r\n\t\t\t\t\t<\/span>\r\n\t\t\t\t<\/a>\r\n\t\t\t\t\t\t<\/div>\r\n\t\t\t\r\n\t\t<\/div>\r\n\t\t\r\n\t<\/div>\r\n\r\n<\/div>\r\n\r\n<div class=\"uael-post-wrapper   \u0623\u0648\u0644\u0648\u062f\u064a\u0646\u064a\u0632 \">\r\n\t<div class=\"uael-post__bg-wrap\">\r\n\r\n\t\t\t\t\r\n\t\t<div class=\"uael-post__inner-wrap\">\r\n\r\n\t\t\t\t<div class=\"uael-post__thumbnail\">\r\n\t\t\t\r\n\t\t\t<a href=\"https:\/\/likyatravel.com.tr\/ar\/%d9%81%d8%aa%d8%ad%d9%8a%d8%a9-%d8%a7%d9%84%d8%aa%d9%84%d9%81%d8%b1%d9%8a%d9%83-%d9%88%d8%a7%d9%84%d9%85%d9%86%d8%ad%d8%af%d8%b1-%d8%a8%d8%a7%d8%b1%d8%b3%d9%8a%d9%88%d8%aa%d9%88\/\" target=\"_self\" title=\"\u062a\u0644\u0641\u0631\u064a\u0643 \u0641\u062a\u062d\u064a\u0629 \u0648\u0627\u0644\u0637\u064a\u0631\u0627\u0646 \u0627\u0644\u0645\u0638\u0644\u064a\"><img decoding=\"async\" width=\"603\" height=\"293\" src=\"https:\/\/likyatravel.com.tr\/wp-content\/uploads\/2021\/11\/fethiye-babadag-teleferik-yamac-parasutu.jpg\" class=\"attachment-full size-full wp-image-2861\" alt=\"\" srcset=\"https:\/\/likyatravel.com.tr\/wp-content\/uploads\/2021\/11\/fethiye-babadag-teleferik-yamac-parasutu.jpg 603w, https:\/\/likyatravel.com.tr\/wp-content\/uploads\/2021\/11\/fethiye-babadag-teleferik-yamac-parasutu-300x146.jpg 300w\" sizes=\"(max-width: 603px) 100vw, 603px\" \/><\/a>\r\n\t\t\t\t\t<\/div>\r\n\t\t\r\n\t\t\t\r\n\t\t\t<div class=\"uael-post__content-wrap\">\r\n\t\t\t\t\t\t\t<div class=\"uael-post__terms-wrap\"><span class=\"uael-post__terms\"><a href=\"https:\/\/likyatravel.com.tr\/ar\/category\/%d8%a3%d9%88%d9%84%d9%88%d8%af%d9%8a%d9%86%d9%8a%d8%b2\/\" class=\"uael-listing__terms-link\" id=\"uael-post-term-%d8%a3%d9%88%d9%84%d9%88%d8%af%d9%8a%d9%86%d9%8a%d8%b2\" aria-labelledby=\"uael-post-term-%d8%a3%d9%88%d9%84%d9%88%d8%af%d9%8a%d9%86%d9%8a%d8%b2\">\u0623\u0648\u0644\u0648\u062f\u064a\u0646\u064a\u0632<\/a><\/span><\/div>\r\n\t\t\t\t\t\t<h3 class=\"uael-post__title\">\r\n\r\n\t\t\r\n\t\t\t\t\t\t<a href=\"https:\/\/likyatravel.com.tr\/ar\/%d9%81%d8%aa%d8%ad%d9%8a%d8%a9-%d8%a7%d9%84%d8%aa%d9%84%d9%81%d8%b1%d9%8a%d9%83-%d9%88%d8%a7%d9%84%d9%85%d9%86%d8%ad%d8%af%d8%b1-%d8%a8%d8%a7%d8%b1%d8%b3%d9%8a%d9%88%d8%aa%d9%88\/\" target=\"_self\">\r\n\t\t\t\t\u062a\u0644\u0641\u0631\u064a\u0643 \u0641\u062a\u062d\u064a\u0629 \u0648\u0627\u0644\u0637\u064a\u0631\u0627\u0646 \u0627\u0644\u0645\u0638\u0644\u064a\t\t\t<\/a>\r\n\r\n\t\t\t\t<\/h3>\r\n\t\t\t\t\t<div class=\"uael-post__meta-data\">\r\n\t\t\t\t\t<span class=\"uael-post__date\">\r\n\t\t\t\t\t\t\t\t\t\t\t\t\t<i aria-hidden=\"true\" class=\"fa fa-calendar\"><\/i>\t\t\t\t\t\t\t\t\t\r\n\t\t\t11 \u062f\u064a\u0633\u0645\u0628\u0631\u060c 2021\t\t<\/span>\r\n\t\t\t\t<span class=\"uael-post__comments\">\r\n\t\t\t\t\t\t\t\t\t\t\t\t<i aria-hidden=\"true\" class=\"fa fa-comments\"><\/i>\t\t\t\t\t\t\t\t\t\t\u0644\u0627 \u062a\u0648\u062c\u062f \u062a\u0639\u0644\u064a\u0642\u0627\u062a\t\t<\/span>\r\n\t\t\t\t<\/div>\r\n\t\t\r\n\t\t<div class=\"uael-post__excerpt\">\r\n\t\t\t<p>\u0633\u064a\u0643\u0648\u0646 \u062a\u0633\u0644\u0642 Babada\u011f \u0628\u0627\u0644\u062a\u0644\u0641\u0631\u064a\u0643 \u0648\u062a\u062c\u0631\u0628\u0629 \u0627\u0644\u0637\u064a\u0631\u0627\u0646 \u0627\u0644\u0645\u0638\u0644\u064a \u0623\u062d\u062f \u0623\u062c\u0645\u0644 \u0627\u0644\u0623\u0646\u0634\u0637\u0629 \u0627\u0644\u062a\u064a \u0633\u062a\u0645\u0627\u0631\u0633\u0647\u0627 \u060c \u062d\u064a\u062b \u062a\u0634\u0627\u0647\u062f \u0627\u0644\u0645\u0646\u0638\u0631 \u0627\u0644\u0641\u0631\u064a\u062f \u0644\u0645\u062f\u064a\u0646\u0629 \u00d6l\u00fcdeniz Fethiye \u0645\u0646 \u062e\u0644\u0627\u0644 \u0627\u0644\u0627\u0646\u0632\u0644\u0627\u0642 \u0645\u062b\u0644 \u0627\u0644\u0637\u064a\u0648\u0631. &#8230;<\/p>\n\t\t<\/div>\r\n\r\n\t\t\t\t\t<a class=\"uael-post__read-more elementor-button\" href=\"https:\/\/likyatravel.com.tr\/ar\/%d9%81%d8%aa%d8%ad%d9%8a%d8%a9-%d8%a7%d9%84%d8%aa%d9%84%d9%81%d8%b1%d9%8a%d9%83-%d9%88%d8%a7%d9%84%d9%85%d9%86%d8%ad%d8%af%d8%b1-%d8%a8%d8%a7%d8%b1%d8%b3%d9%8a%d9%88%d8%aa%d9%88\/\" target=\"_self\" aria-labelledby=\"uael-post-2860\">\r\n\t\t\t\t\t<span class=\"elementor-button-content-wrapper\">\r\n\t\t\t\t\t\t\t\t\t\t\t\t\t\t<span class=\"elementor-button-icon elementor-align-icon-left\">\r\n\r\n\t\t\t\t\t\t\t\t\t\r\n\t\t\t\t\t\t\t\t<\/span>\r\n\t\t\t\t\t\t\t\t\t\t\t\t\t\r\n\t\t\t\t\t\t<span class=\"elementor-button-text\" id=uael-post-2860>\u0627\u0642\u0631\u0623 \u0627\u0644\u0645\u0632\u064a\u062f \u2192<\/span>\r\n\t\t\t\t\t<\/span>\r\n\t\t\t\t<\/a>\r\n\t\t\t\t\t\t<\/div>\r\n\t\t\t\r\n\t\t<\/div>\r\n\t\t\r\n\t<\/div>\r\n\r\n<\/div>\r\n\r\n<div class=\"uael-post-wrapper   yama\u00e7-para\u015f\u00fct\u00fc \u0623\u0648\u0644\u0648\u062f\u064a\u0646\u064a\u0632 \u0628\u0627\u0628\u0627\u062f\u0627\u063a \u0641\u062a\u062d\u064a\u0629 \">\r\n\t<div class=\"uael-post__bg-wrap\">\r\n\r\n\t\t\t\t\r\n\t\t<div class=\"uael-post__inner-wrap\">\r\n\r\n\t\t\t\t<div class=\"uael-post__thumbnail\">\r\n\t\t\t\r\n\t\t\t<a href=\"https:\/\/likyatravel.com.tr\/ar\/oludeniz-babadag-%d8%a7%d9%84%d8%b7%d9%8a%d8%b1%d8%a7%d9%86-%d8%a7%d9%84%d8%b4%d8%b1%d8%a7%d8%b9%d9%8a\/\" target=\"_self\" title=\"\u0623\u0648\u0644\u0648\u062f\u064a\u0646\u064a\u0632 \u0628\u0627\u0628\u0627\u062f\u0627\u063a \u0628\u0627\u0644\u0645\u0638\u0644\u0627\u062a\"><img decoding=\"async\" width=\"800\" height=\"600\" src=\"https:\/\/likyatravel.com.tr\/wp-content\/uploads\/2021\/06\/yamac-parasutu-likya-4.jpg\" class=\"attachment-full size-full wp-image-1740\" alt=\"Paragliding Oludeniz Price 2023\" srcset=\"https:\/\/likyatravel.com.tr\/wp-content\/uploads\/2021\/06\/yamac-parasutu-likya-4.jpg 800w, https:\/\/likyatravel.com.tr\/wp-content\/uploads\/2021\/06\/yamac-parasutu-likya-4-300x225.jpg 300w, https:\/\/likyatravel.com.tr\/wp-content\/uploads\/2021\/06\/yamac-parasutu-likya-4-768x576.jpg 768w, https:\/\/likyatravel.com.tr\/wp-content\/uploads\/2021\/06\/yamac-parasutu-likya-4-600x450.jpg 600w\" sizes=\"(max-width: 800px) 100vw, 800px\" \/><\/a>\r\n\t\t\t\t\t<\/div>\r\n\t\t\r\n\t\t\t\r\n\t\t\t<div class=\"uael-post__content-wrap\">\r\n\t\t\t\t\t\t\t<div class=\"uael-post__terms-wrap\"><span class=\"uael-post__terms\"><a href=\"https:\/\/likyatravel.com.tr\/ar\/category\/yamac-parasutu-ar\/\" class=\"uael-listing__terms-link\" id=\"uael-post-term-yamac-parasutu-ar\" aria-labelledby=\"uael-post-term-yamac-parasutu-ar\">yama\u00e7 para\u015f\u00fct\u00fc<\/a><\/span><\/div>\r\n\t\t\t\t\t\t<h3 class=\"uael-post__title\">\r\n\r\n\t\t\r\n\t\t\t\t\t\t<a href=\"https:\/\/likyatravel.com.tr\/ar\/oludeniz-babadag-%d8%a7%d9%84%d8%b7%d9%8a%d8%b1%d8%a7%d9%86-%d8%a7%d9%84%d8%b4%d8%b1%d8%a7%d8%b9%d9%8a\/\" target=\"_self\">\r\n\t\t\t\t\u0623\u0648\u0644\u0648\u062f\u064a\u0646\u064a\u0632 \u0628\u0627\u0628\u0627\u062f\u0627\u063a \u0628\u0627\u0644\u0645\u0638\u0644\u0627\u062a\t\t\t<\/a>\r\n\r\n\t\t\t\t<\/h3>\r\n\t\t\t\t\t<div class=\"uael-post__meta-data\">\r\n\t\t\t\t\t<span class=\"uael-post__date\">\r\n\t\t\t\t\t\t\t\t\t\t\t\t\t<i aria-hidden=\"true\" class=\"fa fa-calendar\"><\/i>\t\t\t\t\t\t\t\t\t\r\n\t\t\t23 \u064a\u0648\u0646\u064a\u0648\u060c 2021\t\t<\/span>\r\n\t\t\t\t<span class=\"uael-post__comments\">\r\n\t\t\t\t\t\t\t\t\t\t\t\t<i aria-hidden=\"true\" class=\"fa fa-comments\"><\/i>\t\t\t\t\t\t\t\t\t\t\u0644\u0627 \u062a\u0648\u062c\u062f \u062a\u0639\u0644\u064a\u0642\u0627\u062a\t\t<\/span>\r\n\t\t\t\t<\/div>\r\n\t\t\r\n\t\t<div class=\"uael-post__excerpt\">\r\n\t\t\t<p>\u0623\u0648\u0644\u0648\u062f\u064a\u0646\u064a\u0632 \u064a\u0639\u062a\u0628\u0631 \u0645\u0631\u0643\u0632 \u0628\u0627\u0628\u0627\u062f\u0627\u063a \u0644\u0644\u0637\u064a\u0631\u0627\u0646 \u0627\u0644\u0645\u0638\u0644\u064a \u0623\u062d\u062f \u0623\u0634\u0647\u0631 \u0623\u0645\u0627\u0643\u0646 \u0627\u0644\u0637\u064a\u0631\u0627\u0646 \u0627\u0644\u0634\u0631\u0627\u0639\u064a \u060c \u0644\u064a\u0633 \u0641\u0642\u0637 \u0641\u064a \u0628\u0644\u062f\u0646\u0627 \u0648\u0644\u0643\u0646 \u0623\u064a\u0636\u064b\u0627 \u0641\u064a \u0627\u0644\u0639\u0627\u0644\u0645. \u0647\u0646\u0627\u0643 \u0627\u0644\u0639\u062f\u064a\u062f \u0645\u0646 \u0627\u0644\u0623\u0633\u0628\u0627\u0628 \u0627\u0644\u0648\u062c\u064a\u0647\u0629 &#8230;<\/p>\n\t\t<\/div>\r\n\r\n\t\t\t\t\t<a class=\"uael-post__read-more elementor-button\" href=\"https:\/\/likyatravel.com.tr\/ar\/oludeniz-babadag-%d8%a7%d9%84%d8%b7%d9%8a%d8%b1%d8%a7%d9%86-%d8%a7%d9%84%d8%b4%d8%b1%d8%a7%d8%b9%d9%8a\/\" target=\"_self\" aria-labelledby=\"uael-post-1960\">\r\n\t\t\t\t\t<span class=\"elementor-button-content-wrapper\">\r\n\t\t\t\t\t\t\t\t\t\t\t\t\t\t<span class=\"elementor-button-icon elementor-align-icon-left\">\r\n\r\n\t\t\t\t\t\t\t\t\t\r\n\t\t\t\t\t\t\t\t<\/span>\r\n\t\t\t\t\t\t\t\t\t\t\t\t\t\r\n\t\t\t\t\t\t<span class=\"elementor-button-text\" id=uael-post-1960>\u0627\u0642\u0631\u0623 \u0627\u0644\u0645\u0632\u064a\u062f \u2192<\/span>\r\n\t\t\t\t\t<\/span>\r\n\t\t\t\t<\/a>\r\n\t\t\t\t\t\t<\/div>\r\n\t\t\t\r\n\t\t<\/div>\r\n\t\t\r\n\t<\/div>\r\n\r\n<\/div>\r\n\t\t\t\t<\/div>\r\n\t\t\t\t\t\t\r\n\t\t<\/div>\r\n\r\n\t\t\t\t\t\t<\/div>\r\n\t\t<div class=\"uael-post__footer\">\r\n\t\t\t\t\t<\/div>\r\n\t\t\t\t\t\t<\/div>\n\t\t\t\t<\/div>\n\t\t\t\t\t<\/div>\n\t\t<\/div>\n\t\t\t\t\t<\/div>\n\t\t<\/section>\n\t\t\t\t<\/div>\n\t\t","protected":false},"excerpt":{"rendered":"<p>Babada\u011f \u00d6l\u00fcdeniz Babada\u011f Yama\u00e7 Para\u015f\u00fct\u00fc Kas\u0131m 1, 2022 Yorum yap\u0131lmam\u0131\u015f Bilgi Listesi Add a header to begin generating the table of contents \u00d6l\u00fcdeniz Babada\u011f Yama\u00e7 Para\u015f\u00fct\u00fc Merkezi sadece T\u00fcrkiye&#8217;nin de\u011fil d\u00fcnyan\u0131n da en iyi bilinen &#8230; \u0627\u0642\u0631\u0623 \u0627\u0644\u0645\u0632\u064a\u062f \u2192 Fethiye Fethiye Yama\u00e7 Para\u015f\u00fct\u00fc Fiyatlar\u0131 May\u0131s 6, 2022 Yorum yap\u0131lmam\u0131\u015f Her y\u0131l g\u00fcncellenen Fethiye yamac parasutu [&hellip;]<\/p>\n","protected":false},"author":2,"featured_media":0,"parent":0,"menu_order":0,"comment_status":"closed","ping_status":"closed","template":"","meta":{"site-sidebar-layout":"no-sidebar","site-content-layout":"page-builder","ast-site-content-layout":"default","site-content-style":"default","site-sidebar-style":"default","ast-global-header-display":"","ast-banner-title-visibility":"","ast-main-header-display":"","ast-hfb-above-header-display":"","ast-hfb-below-header-display":"","ast-hfb-mobile-header-display":"","site-post-title":"disabled","ast-breadcrumbs-content":"","ast-featured-img":"disabled","footer-sml-layout":"","ast-disable-related-posts":"","theme-transparent-header-meta":"","adv-header-id-meta":"","stick-header-meta":"","header-above-stick-meta":"","header-main-stick-meta":"","header-below-stick-meta":"","astra-migrate-meta-layouts":"default","ast-page-background-enabled":"default","ast-page-background-meta":{"desktop":{"background-color":"","background-image":"","background-repeat":"repeat","background-position":"center center","background-size":"auto","background-attachment":"scroll","background-type":"","background-media":"","overlay-type":"","overlay-color":"","overlay-opacity":"","overlay-gradient":""},"tablet":{"background-color":"","background-image":"","background-repeat":"repeat","background-position":"center center","background-size":"auto","background-attachment":"scroll","background-type":"","background-media":"","overlay-type":"","overlay-color":"","overlay-opacity":"","overlay-gradient":""},"mobile":{"background-color":"","background-image":"","background-repeat":"repeat","background-position":"center center","background-size":"auto","background-attachment":"scroll","background-type":"","background-media":"","overlay-type":"","overlay-color":"","overlay-opacity":"","overlay-gradient":""}},"ast-content-background-meta":{"desktop":{"background-color":"var(--ast-global-color-5)","background-image":"","background-repeat":"repeat","background-position":"center center","background-size":"auto","background-attachment":"scroll","background-type":"","background-media":"","overlay-type":"","overlay-color":"","overlay-opacity":"","overlay-gradient":""},"tablet":{"background-color":"var(--ast-global-color-5)","background-image":"","background-repeat":"repeat","background-position":"center center","background-size":"auto","background-attachment":"scroll","background-type":"","background-media":"","overlay-type":"","overlay-color":"","overlay-opacity":"","overlay-gradient":""},"mobile":{"background-color":"var(--ast-global-color-5)","background-image":"","background-repeat":"repeat","background-position":"center center","background-size":"auto","background-attachment":"scroll","background-type":"","background-media":"","overlay-type":"","overlay-color":"","overlay-opacity":"","overlay-gradient":""}},"footnotes":""},"class_list":["post-2917","page","type-page","status-publish","hentry"],"aioseo_notices":[],"_links":{"self":[{"href":"https:\/\/likyatravel.com.tr\/ar\/wp-json\/wp\/v2\/pages\/2917","targetHints":{"allow":["GET"]}}],"collection":[{"href":"https:\/\/likyatravel.com.tr\/ar\/wp-json\/wp\/v2\/pages"}],"about":[{"href":"https:\/\/likyatravel.com.tr\/ar\/wp-json\/wp\/v2\/types\/page"}],"author":[{"embeddable":true,"href":"https:\/\/likyatravel.com.tr\/ar\/wp-json\/wp\/v2\/users\/2"}],"replies":[{"embeddable":true,"href":"https:\/\/likyatravel.com.tr\/ar\/wp-json\/wp\/v2\/comments?post=2917"}],"version-history":[{"count":0,"href":"https:\/\/likyatravel.com.tr\/ar\/wp-json\/wp\/v2\/pages\/2917\/revisions"}],"wp:attachment":[{"href":"https:\/\/likyatravel.com.tr\/ar\/wp-json\/wp\/v2\/media?parent=2917"}],"curies":[{"name":"wp","href":"https:\/\/api.w.org\/{rel}","templated":true}]}}